{"id":1198,"date":"2018-10-03T15:42:53","date_gmt":"2018-10-03T13:42:53","guid":{"rendered":"http:\/\/localhost\/projet_2\/?page_id=1198"},"modified":"2025-05-13T15:53:05","modified_gmt":"2025-05-13T13:53:05","slug":"annuaire-mairie","status":"publish","type":"page","link":"http:\/\/ville-outreau.fr\/mairie\/annuaire-mairie\/","title":{"rendered":"Annuaire mairie"},"content":{"rendered":"\t\t<div data-elementor-type=\"wp-post\" data-elementor-id=\"1198\" class=\"elementor elementor-1198\">\n\t\t\t\t\t\t\t\t\t<section class=\"elementor-section elementor-top-section elementor-element elementor-element-55be7cf elementor-section-full_width elementor-section-height-min-height elementor-section-items-top elementor-section-content-middle elementor-section-height-default\" data-id=\"55be7cf\" data-element_type=\"section\" data-settings=\"{&quot;background_background&quot;:&quot;classic&quot;}\">\n\t\t\t\t\t\t<div class=\"elementor-container elementor-column-gap-no\">\n\t\t\t\t\t<div class=\"elementor-column elementor-col-100 elementor-top-column elementor-element elementor-element-920a413\" data-id=\"920a413\" data-element_type=\"column\">\n\t\t\t<div class=\"elementor-widget-wrap\">\n\t\t\t\t\t\t\t\t\t<\/div>\n\t\t<\/div>\n\t\t\t\t\t\t\t<\/div>\n\t\t<\/section>\n\t\t\t\t<main class=\"elementor-section elementor-top-section elementor-element elementor-element-ba6c2f6 elementor-section-boxed elementor-section-height-default elementor-section-height-default\" data-id=\"ba6c2f6\" data-element_type=\"section\" data-settings=\"{&quot;background_background&quot;:&quot;classic&quot;}\">\n\t\t\t\t\t\t<div class=\"elementor-container elementor-column-gap-no\">\n\t\t\t\t\t<div class=\"elementor-column elementor-col-100 elementor-top-column elementor-element elementor-element-3d62787\" data-id=\"3d62787\" data-element_type=\"column\" data-settings=\"{&quot;background_background&quot;:&quot;classic&quot;}\">\n\t\t\t<div class=\"elementor-widget-wrap elementor-element-populated\">\n\t\t\t\t\t\t\t\t<div class=\"elementor-element elementor-element-9c8774a elementor-widget elementor-widget-heading\" data-id=\"9c8774a\" data-element_type=\"widget\" data-widget_type=\"heading.default\">\n\t\t\t\t<div class=\"elementor-widget-container\">\n\t\t\t<h2 class=\"elementor-heading-title elementor-size-default\">ANNUAIRE MAIRIE<\/h2>\t\t<\/div>\n\t\t\t\t<\/div>\n\t\t\t\t<div class=\"elementor-element elementor-element-205ccd4 elementor-widget elementor-widget-text-editor\" data-id=\"205ccd4\" data-element_type=\"widget\" data-widget_type=\"text-editor.default\">\n\t\t\t\t<div class=\"elementor-widget-container\">\n\t\t\t\t\t\t\t<h2 style=\"text-align: left;\"><span style=\"color: #000000;\"><strong>H\u00f4tel de Ville<\/strong><\/span><\/h2><p><span style=\"color: #000000;\">Rue du Biez &#8211; Bp 29 &#8211; 62230 OUTREAU<\/span><br \/><span style=\"color: #000000;\">T\u00e9l: 03 21 99 07 77 &#8211; Fax: 03 21 99 07 60<\/span><br \/><span style=\"color: #000000;\">Ouverture du Lundi au Vendredi de 8h \u00e0 12h et de 13h45 \u00e0 17h30<\/span><br \/><br \/><\/p><p style=\"text-align: left;\"><span style=\"color: #000000;\"><strong>Police Municipale 03 21 32 74 01<\/strong><\/span><\/p>\t\t\t\t\t\t<\/div>\n\t\t\t\t<\/div>\n\t\t\t\t<div class=\"elementor-element elementor-element-dc26c4d elementor-widget elementor-widget-text-editor\" data-id=\"dc26c4d\" data-element_type=\"widget\" data-widget_type=\"text-editor.default\">\n\t\t\t\t<div class=\"elementor-widget-container\">\n\t\t\t\t\t\t\t<h2><span style=\"color: #000000;\">Les services municipaux<\/span><\/h2>\n<ul>\n<li><span style=\"color: #000000;\">Affaires militaires &#8211; Elections:&nbsp; 03 21 99 07 63<\/span><\/li>\n<li><span style=\"color: #000000;\">Cabinet du Maire:&nbsp; 03 21 99 07 73 &#8211; 03 21 99 05 85<\/span><\/li>\n<li><span style=\"color: #000000;\">Etat Civil:&nbsp; 03 21 99 07 61-&nbsp;&nbsp;<span style=\"color: #b92328;\"><a style=\"color: #b92328;\" href=\"mailto:etatcivil@ville-outreau.fr\" rel=\"self\">etatcivil@ville-outreau.fr<\/a><\/span><\/span><\/li>\n<li><span style=\"color: #000000;\">Service Logement:&nbsp; 03 21 99 05 97<\/span><\/li><li><span style=\"color: #000000;\">Service Archives Patrimoine: 03 21 99 03 81 &#8211; <\/span><span style=\"color: #000000;\"><span style=\"color: #b92328;\">p.gambart@ville-outreau.fr<\/span><\/span><\/li>\n<li><span style=\"color: #000000;\">Secr\u00e9tariat G\u00e9n\u00e9ral: 03 21 99 05 94 ou 03 66 53 00 24<\/span><\/li>\n<li><span style=\"color: #000000;\">Service Animation &amp; Senou:&nbsp; 03 <span style=\"text-decoration: underline; color: #b92328;\"><em><strong>91<\/strong><\/em><\/span> 90 50 95<\/span><\/li>\n<li><span style=\"color: #000000;\">Service Communication:&nbsp; 03 21 99 03 89&nbsp; &#8211;&nbsp;&nbsp;<span style=\"color: #b92328;\"><a style=\"color: #b92328;\" href=\"mailto:service.communication@ville-outreau.fr\">service.communication@ville-outreau.fr<\/a><\/span><\/span><\/li>\n<li><span style=\"color: #000000;\">Service Culture: 03 21 80 49 53&nbsp; &#8211;&nbsp; <span style=\"color: #b92328;\"><a style=\"color: #b92328;\" href=\"mailto:culture.outreau@orange.fr\">culture.outreau@orange.fr<\/a><\/span><\/span><\/li>\n<li><span style=\"color: #000000;\">Service Instruction Publique et Petite enfance &#8211; 03 21 99 07 62&nbsp; &#8211;&nbsp; <span style=\"color: #b92328;\"><a style=\"color: #b92328;\" href=\"mailto:instructionpublique@ville-outreau.fr\">instructionpublique@ville-outreau.fr<\/a><\/span><\/span><\/li>\n<li><span style=\"color: #000000;\">Service Jeunesse (CAJ):&nbsp; 03 21 80 49 02<\/span><\/li>\n<li><span style=\"color: #000000;\">Service March\u00e9s Publics et Am\u00e9nagement Urbain:&nbsp; 03 21 99 03 86<\/span><\/li>\n<li><span style=\"color: #000000;\">Service Police Municipale:&nbsp; 03 21 32 74 01&nbsp; &#8211;&nbsp; <span style=\"color: #b92328;\"><a style=\"color: #b92328;\" href=\"mailto:policemunicipale@ville-outreau.fr\">policemunicipale@ville-outreau.fr<\/a><\/span><\/span><\/li>\n<li><span style=\"color: #000000;\">Service des Sports:&nbsp; 03 21 99 07 64&nbsp; &#8211;&nbsp; <span style=\"color: #b92328;\"><a style=\"color: #b92328;\" href=\"mailto:servicesports@ville-outreau.fr\">servicesports@ville-outreau.fr<\/a><\/span><\/span><\/li>\n<li><span style=\"color: #000000;\">Services Techniques:&nbsp; 03 21 99 07 76&nbsp; &#8211;&nbsp; <span style=\"color: #b92328;\"><a style=\"color: #b92328;\" href=\"mailto:servicestechniques@ville-outreau.fr\">servicestechniques@ville-outreau.fr<\/a><\/span><\/span><\/li>\n<li><span style=\"color: #000000;\">Service Urbanisme et Affaires Fonci\u00e8res:&nbsp; 03 21 99 07 68<\/span><\/li>\n<\/ul>\t\t\t\t\t\t<\/div>\n\t\t\t\t<\/div>\n\t\t\t\t<div class=\"elementor-element elementor-element-33e3a3d elementor-widget elementor-widget-text-editor\" data-id=\"33e3a3d\" data-element_type=\"widget\" data-widget_type=\"text-editor.default\">\n\t\t\t\t<div class=\"elementor-widget-container\">\n\t\t\t\t\t\t\t<h2 style=\"text-align: left;\"><span style=\"color: #000000;\">Autres structures<\/span><\/h2>\n<ul>\n<li><span style=\"color: #000000;\">Centre Communal d&rsquo;Action Sociale (CCAS):&nbsp; 03 21 10 02 70<\/span><\/li>\n<li><span style=\"color: #000000;\">Centre Culturel Ph\u00e9nix (comprenant des salles de r\u00e9union et une salle de spectacle) &#8211;&nbsp;Place L\u00e9on Blum &#8211; R\u00e9gie de la salle:&nbsp; 03 21 99 07 75<\/span><\/li>\n<li><span style=\"color: #000000;\">Centre Culturel et Social \u201cJacques Brel\u201d (ateliers, stages, animations)&nbsp; &#8211;&nbsp;&nbsp;Permanences du Mardi au Samedi &#8211; Boulevard de la libert\u00e9:&nbsp;&nbsp;03 21 80 27 82<\/span><\/li>\n<li><span style=\"color: #000000;\">Cimeti\u00e8re: 03 21 99 05 84<\/span><\/li>\n<li><span style=\"color: #000000;\">Cr\u00e8che multi-accueil \u201cSuzanne Lacore\u201d &#8211; 41 rue de l\u2019Orme:&nbsp; 03 21 80 21 90<\/span><\/li>\n<li><span style=\"color: #000000;\">Ecole Municipale de Musique et de Danse &#8211; Rue des Peupliers:&nbsp; 03 21 32 27 92<\/span><\/li>\n<li><span style=\"color: #000000;\">Maison de la Petite Enfance \u201cLa Ribambelle\u201d &#8211; Rue des Peupliers &#8211; T\u00e9l : 03.21.80.89.16<\/span><\/li>\n<li><span style=\"color: #000000;\">Fun\u00e9rarium:&nbsp; 03 21 92 13 30<\/span><\/li>\n<li><span style=\"color: #000000;\">Epicerie Sociale \u201c\u00c9pisoleil\u201d &#8211; Boulevard Raymond Splingard:&nbsp; 03 21 91 62 28<\/span><\/li>\n<li><span style=\"color: #000000;\">INSP\u00c9 &#8211;&nbsp;<\/span>Institut national sup\u00e9rieur du professorat et de l&rsquo;\u00e9ducation<span style=\"color: #000000;\"> &#8211; Rue Hippolyte Adam:&nbsp; 03 21 31 36 61<\/span><\/li>\n<li><span style=\"color: #000000;\">Maison des Associations &#8211; Rue Jean Jaur\u00e8s:&nbsp; 06 87 60 61 01<\/span><\/li>\n<li><span style=\"color: #000000;\">Maison de l&rsquo;Entraide:&nbsp; 03 21 31 28 98<\/span><\/li>\n<li><span style=\"color: #000000;\">M\u00e9diath\u00e8que &#8211; Centre Ph\u00e9nix &#8211; Place L\u00e9on Blum &#8211; T\u00e9l : 03 21 99 07 74&nbsp; &#8211;&nbsp; <span style=\"color: #b92328;\"><a style=\"color: #b92328;\" href=\"mailto:mediatheque@ville-outreau.fr\">mediatheque@ville-outreau.fr<\/a><\/span><\/span><\/li>\n<li><span style=\"color: #000000;\">Mont Soleil &#8211; Club House:&nbsp; 03 21 80 38 52<\/span><\/li>\n<li><span style=\"color: #000000;\">Piscine Intercommunale \u00ab\u00a0Oc\u00e9ane\u00a0\u00bb &#8211; Rue du Mont Soleil:&nbsp; 03 21 31 70 85<\/span><\/li>\n<\/ul>\t\t\t\t\t\t<\/div>\n\t\t\t\t<\/div>\n\t\t\t\t<div class=\"elementor-element elementor-element-a5feb62 elementor-widget elementor-widget-text-editor\" data-id=\"a5feb62\" data-element_type=\"widget\" data-widget_type=\"text-editor.default\">\n\t\t\t\t<div class=\"elementor-widget-container\">\n\t\t\t\t\t\t\t<p style=\"text-align: left;\"><span style=\"color: #000000;\">Site internet de Ville d&rsquo;Outreau: <a href=\"http:\/\/www.ville-outreau.fr\"><span style=\"color: #b92328;\">www.ville-outreau.fr<\/span><\/a>\u00a0 \u00a0 &#8211;\u00a0 \u00a0 Page facebook: <span style=\"color: #b92328;\"><a style=\"color: #b92328;\" href=\"https:\/\/www.facebook.com\/Ville-dOutreau-1480615545600747\/\">Ville d&rsquo;Outreau<\/a><\/span><\/span><\/p>\t\t\t\t\t\t<\/div>\n\t\t\t\t<\/div>\n\t\t\t\t<div class=\"elementor-element elementor-element-6832d48 elementor-widget elementor-widget-text-editor\" data-id=\"6832d48\" data-element_type=\"widget\" data-widget_type=\"text-editor.default\">\n\t\t\t\t<div class=\"elementor-widget-container\">\n\t\t\t\t\t\t\t\t\t\t\t\t\t<\/div>\n\t\t\t\t<\/div>\n\t\t\t\t\t<\/div>\n\t\t<\/div>\n\t\t\t\t\t\t\t<\/div>\n\t\t<\/main>\n\t\t\t\t\t\t\t<\/div>\n\t\t","protected":false},"excerpt":{"rendered":"<p>ANNUAIRE MAIRIE H\u00f4tel de Ville Rue du Biez &#8211; Bp 29 &#8211; 62230 OUTREAUT\u00e9l: 03 21 99 07 77 &#8211; Fax: 03 21 99 07 60Ouverture du Lundi au Vendredi de 8h \u00e0 12h et de 13h45 \u00e0 17h30 Police Municipale 03 21 32 74 01 Les services municipaux Affaires militaires &#8211; Elections:&nbsp; 03 21 [&hellip;]<\/p>\n","protected":false},"author":1,"featured_media":0,"parent":0,"menu_order":0,"comment_status":"closed","ping_status":"closed","template":"","meta":{"ocean_post_layout":"full-screen","ocean_both_sidebars_style":"","ocean_both_sidebars_content_width":0,"ocean_both_sidebars_sidebars_width":0,"ocean_sidebar":"0","ocean_second_sidebar":"0","ocean_disable_margins":"enable","ocean_add_body_class":"","ocean_shortcode_before_top_bar":"","ocean_shortcode_after_top_bar":"","ocean_shortcode_before_header":"","ocean_shortcode_after_header":"","ocean_has_shortcode":"","ocean_shortcode_after_title":"","ocean_shortcode_before_footer_widgets":"","ocean_shortcode_after_footer_widgets":"","ocean_shortcode_before_footer_bottom":"","ocean_shortcode_after_footer_bottom":"","ocean_display_top_bar":"default","ocean_display_header":"default","ocean_header_style":"","ocean_center_header_left_menu":"0","ocean_custom_header_template":"0","ocean_custom_logo":0,"ocean_custom_retina_logo":0,"ocean_custom_logo_max_width":0,"ocean_custom_logo_tablet_max_width":0,"ocean_custom_logo_mobile_max_width":0,"ocean_custom_logo_max_height":0,"ocean_custom_logo_tablet_max_height":0,"ocean_custom_logo_mobile_max_height":0,"ocean_header_custom_menu":"0","ocean_menu_typo_font_family":"0","ocean_menu_typo_font_subset":"","ocean_menu_typo_font_size":0,"ocean_menu_typo_font_size_tablet":0,"ocean_menu_typo_font_size_mobile":0,"ocean_menu_typo_font_size_unit":"px","ocean_menu_typo_font_weight":"","ocean_menu_typo_font_weight_tablet":"","ocean_menu_typo_font_weight_mobile":"","ocean_menu_typo_transform":"","ocean_menu_typo_transform_tablet":"","ocean_menu_typo_transform_mobile":"","ocean_menu_typo_line_height":0,"ocean_menu_typo_line_height_tablet":0,"ocean_menu_typo_line_height_mobile":0,"ocean_menu_typo_line_height_unit":"","ocean_menu_typo_spacing":0,"ocean_menu_typo_spacing_tablet":0,"ocean_menu_typo_spacing_mobile":0,"ocean_menu_typo_spacing_unit":"","ocean_menu_link_color":"","ocean_menu_link_color_hover":"","ocean_menu_link_color_active":"","ocean_menu_link_background":"","ocean_menu_link_hover_background":"","ocean_menu_link_active_background":"","ocean_menu_social_links_bg":"","ocean_menu_social_hover_links_bg":"","ocean_menu_social_links_color":"","ocean_menu_social_hover_links_color":"","ocean_disable_title":"default","ocean_disable_heading":"default","ocean_post_title":"","ocean_post_subheading":"","ocean_post_title_style":"","ocean_post_title_background_color":"","ocean_post_title_background":0,"ocean_post_title_bg_image_position":"","ocean_post_title_bg_image_attachment":"","ocean_post_title_bg_image_repeat":"","ocean_post_title_bg_image_size":"","ocean_post_title_height":0,"ocean_post_title_bg_overlay":0.5,"ocean_post_title_bg_overlay_color":"","ocean_disable_breadcrumbs":"default","ocean_breadcrumbs_color":"","ocean_breadcrumbs_separator_color":"","ocean_breadcrumbs_links_color":"","ocean_breadcrumbs_links_hover_color":"","ocean_display_footer_widgets":"default","ocean_display_footer_bottom":"default","ocean_custom_footer_template":"0","footnotes":""},"class_list":["post-1198","page","type-page","status-publish","hentry","entry"],"_links":{"self":[{"href":"http:\/\/ville-outreau.fr\/mairie\/wp-json\/wp\/v2\/pages\/1198","targetHints":{"allow":["GET"]}}],"collection":[{"href":"http:\/\/ville-outreau.fr\/mairie\/wp-json\/wp\/v2\/pages"}],"about":[{"href":"http:\/\/ville-outreau.fr\/mairie\/wp-json\/wp\/v2\/types\/page"}],"author":[{"embeddable":true,"href":"http:\/\/ville-outreau.fr\/mairie\/wp-json\/wp\/v2\/users\/1"}],"replies":[{"embeddable":true,"href":"http:\/\/ville-outreau.fr\/mairie\/wp-json\/wp\/v2\/comments?post=1198"}],"version-history":[{"count":60,"href":"http:\/\/ville-outreau.fr\/mairie\/wp-json\/wp\/v2\/pages\/1198\/revisions"}],"predecessor-version":[{"id":6395,"href":"http:\/\/ville-outreau.fr\/mairie\/wp-json\/wp\/v2\/pages\/1198\/revisions\/6395"}],"wp:attachment":[{"href":"http:\/\/ville-outreau.fr\/mairie\/wp-json\/wp\/v2\/media?parent=1198"}],"curies":[{"name":"wp","href":"https:\/\/api.w.org\/{rel}","templated":true}]}}