{"id":1936,"date":"2018-10-26T11:59:49","date_gmt":"2018-10-26T09:59:49","guid":{"rendered":"http:\/\/ville-outreau.fr\/mairie\/?page_id=1936"},"modified":"2024-06-03T15:11:13","modified_gmt":"2024-06-03T13:11:13","slug":"citoyennete","status":"publish","type":"page","link":"http:\/\/ville-outreau.fr\/mairie\/citoyennete\/","title":{"rendered":"Citoyennet\u00e9"},"content":{"rendered":"\t\t<div data-elementor-type=\"wp-page\" data-elementor-id=\"1936\" class=\"elementor elementor-1936\">\n\t\t\t\t\t\t\t\t\t<section class=\"elementor-section elementor-top-section elementor-element elementor-element-4613a78 elementor-section-boxed elementor-section-height-default elementor-section-height-default\" data-id=\"4613a78\" data-element_type=\"section\">\n\t\t\t\t\t\t<div class=\"elementor-container elementor-column-gap-default\">\n\t\t\t\t\t<div class=\"elementor-column elementor-col-100 elementor-top-column elementor-element elementor-element-6bd62dd\" data-id=\"6bd62dd\" data-element_type=\"column\">\n\t\t\t<div class=\"elementor-widget-wrap elementor-element-populated\">\n\t\t\t\t\t\t\t\t<div class=\"elementor-element elementor-element-2e718bf elementor-widget elementor-widget-spacer\" data-id=\"2e718bf\" data-element_type=\"widget\" data-widget_type=\"spacer.default\">\n\t\t\t\t<div class=\"elementor-widget-container\">\n\t\t\t\t\t<div class=\"elementor-spacer\">\n\t\t\t<div class=\"elementor-spacer-inner\"><\/div>\n\t\t<\/div>\n\t\t\t\t<\/div>\n\t\t\t\t<\/div>\n\t\t\t\t\t<\/div>\n\t\t<\/div>\n\t\t\t\t\t\t\t<\/div>\n\t\t<\/section>\n\t\t\t\t<section class=\"elementor-section elementor-top-section elementor-element elementor-element-ed6cf6e elementor-section-boxed elementor-section-height-default elementor-section-height-default\" data-id=\"ed6cf6e\" data-element_type=\"section\">\n\t\t\t\t\t\t<div class=\"elementor-container elementor-column-gap-default\">\n\t\t\t\t\t<div class=\"elementor-column elementor-col-100 elementor-top-column elementor-element elementor-element-6c4f086\" data-id=\"6c4f086\" data-element_type=\"column\">\n\t\t\t<div class=\"elementor-widget-wrap elementor-element-populated\">\n\t\t\t\t\t\t\t\t<div class=\"elementor-element elementor-element-50d8785 elementor-widget elementor-widget-image\" data-id=\"50d8785\" data-element_type=\"widget\" data-widget_type=\"image.default\">\n\t\t\t\t<div class=\"elementor-widget-container\">\n\t\t\t\t\t\t\t\t\t\t\t\t\t\t\t<img fetchpriority=\"high\" decoding=\"async\" width=\"2480\" height=\"472\" src=\"http:\/\/ville-outreau.fr\/mairie\/wp-content\/uploads\/2024\/04\/bandeau-site-Copie.jpg\" class=\"attachment-full size-full wp-image-6080\" alt=\"\" srcset=\"http:\/\/ville-outreau.fr\/mairie\/wp-content\/uploads\/2024\/04\/bandeau-site-Copie.jpg 2480w, http:\/\/ville-outreau.fr\/mairie\/wp-content\/uploads\/2024\/04\/bandeau-site-Copie-300x57.jpg 300w, http:\/\/ville-outreau.fr\/mairie\/wp-content\/uploads\/2024\/04\/bandeau-site-Copie-1024x195.jpg 1024w, http:\/\/ville-outreau.fr\/mairie\/wp-content\/uploads\/2024\/04\/bandeau-site-Copie-768x146.jpg 768w, http:\/\/ville-outreau.fr\/mairie\/wp-content\/uploads\/2024\/04\/bandeau-site-Copie-1536x292.jpg 1536w, http:\/\/ville-outreau.fr\/mairie\/wp-content\/uploads\/2024\/04\/bandeau-site-Copie-2048x390.jpg 2048w\" sizes=\"(max-width: 2480px) 100vw, 2480px\" \/>\t\t\t\t\t\t\t\t\t\t\t\t\t\t\t<\/div>\n\t\t\t\t<\/div>\n\t\t\t\t\t<\/div>\n\t\t<\/div>\n\t\t\t\t\t\t\t<\/div>\n\t\t<\/section>\n\t\t\t\t<section class=\"elementor-section elementor-top-section elementor-element elementor-element-c8c86f3 elementor-section-boxed elementor-section-height-default elementor-section-height-default\" data-id=\"c8c86f3\" data-element_type=\"section\">\n\t\t\t\t\t\t<div class=\"elementor-container elementor-column-gap-default\">\n\t\t\t\t\t<div class=\"elementor-column elementor-col-100 elementor-top-column elementor-element elementor-element-2164e32\" data-id=\"2164e32\" data-element_type=\"column\">\n\t\t\t<div class=\"elementor-widget-wrap elementor-element-populated\">\n\t\t\t\t\t\t\t\t<div class=\"elementor-element elementor-element-1b5e04a elementor-widget elementor-widget-spacer\" data-id=\"1b5e04a\" data-element_type=\"widget\" data-widget_type=\"spacer.default\">\n\t\t\t\t<div class=\"elementor-widget-container\">\n\t\t\t\t\t<div class=\"elementor-spacer\">\n\t\t\t<div class=\"elementor-spacer-inner\"><\/div>\n\t\t<\/div>\n\t\t\t\t<\/div>\n\t\t\t\t<\/div>\n\t\t\t\t\t<\/div>\n\t\t<\/div>\n\t\t\t\t\t\t\t<\/div>\n\t\t<\/section>\n\t\t\t\t<section class=\"elementor-section elementor-top-section elementor-element elementor-element-3cc8dda elementor-section-boxed elementor-section-height-default elementor-section-height-default\" data-id=\"3cc8dda\" data-element_type=\"section\">\n\t\t\t\t\t\t<div class=\"elementor-container elementor-column-gap-default\">\n\t\t\t\t\t<div class=\"elementor-column elementor-col-100 elementor-top-column elementor-element elementor-element-8079a88\" data-id=\"8079a88\" data-element_type=\"column\">\n\t\t\t<div class=\"elementor-widget-wrap elementor-element-populated\">\n\t\t\t\t\t\t\t\t<div class=\"elementor-element elementor-element-2a17b4f elementor-widget elementor-widget-text-editor\" data-id=\"2a17b4f\" data-element_type=\"widget\" data-widget_type=\"text-editor.default\">\n\t\t\t\t<div class=\"elementor-widget-container\">\n\t\t\t\t\t\t\t<h3>Pour r\u00e9pondre \u00e0 la r\u00e9glementation et fluidifier l\u2019acc\u00e8s dans les bureaux de vote, il a \u00e9t\u00e9 proc\u00e9d\u00e9 \u00e0 un red\u00e9coupage \u00e9lectoral permettant la cr\u00e9ation de trois nouveaux bureaux de vote : l&rsquo;\u00e9cole primaire Jacques Pr\u00e9vert, l&rsquo;\u00e9cole maternelle \u00c9douard Vaillant et l&rsquo;\u00e9cole de musique et de danse. Voici le nouveau red\u00e9coupage \u00e9lectoral :<\/h3>\t\t\t\t\t\t<\/div>\n\t\t\t\t<\/div>\n\t\t\t\t\t<\/div>\n\t\t<\/div>\n\t\t\t\t\t\t\t<\/div>\n\t\t<\/section>\n\t\t\t\t<section class=\"elementor-section elementor-top-section elementor-element elementor-element-2f66df7 elementor-section-boxed elementor-section-height-default elementor-section-height-default\" data-id=\"2f66df7\" data-element_type=\"section\">\n\t\t\t\t\t\t<div class=\"elementor-container elementor-column-gap-default\">\n\t\t\t\t\t<div class=\"elementor-column elementor-col-100 elementor-top-column elementor-element elementor-element-cf74c39\" data-id=\"cf74c39\" data-element_type=\"column\">\n\t\t\t<div class=\"elementor-widget-wrap elementor-element-populated\">\n\t\t\t\t\t\t\t\t<div class=\"elementor-element elementor-element-f015a33 elementor-widget elementor-widget-image\" data-id=\"f015a33\" data-element_type=\"widget\" data-widget_type=\"image.default\">\n\t\t\t\t<div class=\"elementor-widget-container\">\n\t\t\t\t\t\t\t\t\t\t\t\t\t\t\t<img decoding=\"async\" width=\"1024\" height=\"722\" src=\"http:\/\/ville-outreau.fr\/mairie\/wp-content\/uploads\/2024\/06\/Outreau-Mag-7-1024x722.jpg\" class=\"attachment-large size-large wp-image-6128\" alt=\"\" srcset=\"http:\/\/ville-outreau.fr\/mairie\/wp-content\/uploads\/2024\/06\/Outreau-Mag-7-1024x722.jpg 1024w, http:\/\/ville-outreau.fr\/mairie\/wp-content\/uploads\/2024\/06\/Outreau-Mag-7-300x212.jpg 300w, http:\/\/ville-outreau.fr\/mairie\/wp-content\/uploads\/2024\/06\/Outreau-Mag-7-768x542.jpg 768w, http:\/\/ville-outreau.fr\/mairie\/wp-content\/uploads\/2024\/06\/Outreau-Mag-7-1536x1083.jpg 1536w, http:\/\/ville-outreau.fr\/mairie\/wp-content\/uploads\/2024\/06\/Outreau-Mag-7-2048x1445.jpg 2048w\" sizes=\"(max-width: 1024px) 100vw, 1024px\" \/>\t\t\t\t\t\t\t\t\t\t\t\t\t\t\t<\/div>\n\t\t\t\t<\/div>\n\t\t\t\t\t<\/div>\n\t\t<\/div>\n\t\t\t\t\t\t\t<\/div>\n\t\t<\/section>\n\t\t\t\t<section class=\"elementor-section elementor-top-section elementor-element elementor-element-435b681 elementor-section-boxed elementor-section-height-default elementor-section-height-default\" data-id=\"435b681\" data-element_type=\"section\">\n\t\t\t\t\t\t<div class=\"elementor-container elementor-column-gap-default\">\n\t\t\t\t\t<div class=\"elementor-column elementor-col-100 elementor-top-column elementor-element elementor-element-80c5b83\" data-id=\"80c5b83\" data-element_type=\"column\">\n\t\t\t<div class=\"elementor-widget-wrap elementor-element-populated\">\n\t\t\t\t\t\t\t\t<div class=\"elementor-element elementor-element-af63d32 elementor-widget elementor-widget-text-editor\" data-id=\"af63d32\" data-element_type=\"widget\" data-widget_type=\"text-editor.default\">\n\t\t\t\t<div class=\"elementor-widget-container\">\n\t\t\t\t\t\t\t<h2>Retrouvez la liste des bureaux par rue<span style=\"text-decoration: underline; color: #e95297;\"><strong> <a style=\"color: #e95297; text-decoration: underline;\" href=\"https:\/\/www.calameo.com\/read\/0045825360788425fe4fd\" target=\"_blank\" rel=\"noopener\">en cliquant ici\u00a0<\/a><\/strong><\/span><\/h2><p>Une nouvelle carte \u00e9lectorale sera adress\u00e9e prochainement aux personnes concern\u00e9es par ce red\u00e9coupage, qui feront l\u2019objet d\u2019un changement de bureau de vote.<\/p><div><span style=\"text-decoration: underline;\">\u00a0<\/span><\/div>\t\t\t\t\t\t<\/div>\n\t\t\t\t<\/div>\n\t\t\t\t\t<\/div>\n\t\t<\/div>\n\t\t\t\t\t\t\t<\/div>\n\t\t<\/section>\n\t\t\t\t\t\t\t<\/div>\n\t\t","protected":false},"excerpt":{"rendered":"<p>Pour r\u00e9pondre \u00e0 la r\u00e9glementation et fluidifier l\u2019acc\u00e8s dans les bureaux de vote, il a \u00e9t\u00e9 proc\u00e9d\u00e9 \u00e0 un red\u00e9coupage \u00e9lectoral permettant la cr\u00e9ation de trois nouveaux bureaux de vote : l&rsquo;\u00e9cole primaire Jacques Pr\u00e9vert, l&rsquo;\u00e9cole maternelle \u00c9douard Vaillant et l&rsquo;\u00e9cole de musique et de danse. Voici le nouveau red\u00e9coupage \u00e9lectoral : Retrouvez la liste [&hellip;]<\/p>\n","protected":false},"author":1,"featured_media":0,"parent":0,"menu_order":0,"comment_status":"closed","ping_status":"closed","template":"elementor_canvas","meta":{"ocean_post_layout":"full-width","ocean_both_sidebars_style":"","ocean_both_sidebars_content_width":0,"ocean_both_sidebars_sidebars_width":0,"ocean_sidebar":"0","ocean_second_sidebar":"0","ocean_disable_margins":"enable","ocean_add_body_class":"","ocean_shortcode_before_top_bar":"","ocean_shortcode_after_top_bar":"","ocean_shortcode_before_header":"","ocean_shortcode_after_header":"","ocean_has_shortcode":"","ocean_shortcode_after_title":"","ocean_shortcode_before_footer_widgets":"","ocean_shortcode_after_footer_widgets":"","ocean_shortcode_before_footer_bottom":"","ocean_shortcode_after_footer_bottom":"","ocean_display_top_bar":"default","ocean_display_header":"default","ocean_header_style":"","ocean_center_header_left_menu":"0","ocean_custom_header_template":"0","ocean_custom_logo":0,"ocean_custom_retina_logo":0,"ocean_custom_logo_max_width":0,"ocean_custom_logo_tablet_max_width":0,"ocean_custom_logo_mobile_max_width":0,"ocean_custom_logo_max_height":0,"ocean_custom_logo_tablet_max_height":0,"ocean_custom_logo_mobile_max_height":0,"ocean_header_custom_menu":"0","ocean_menu_typo_font_family":"0","ocean_menu_typo_font_subset":"","ocean_menu_typo_font_size":0,"ocean_menu_typo_font_size_tablet":0,"ocean_menu_typo_font_size_mobile":0,"ocean_menu_typo_font_size_unit":"px","ocean_menu_typo_font_weight":"","ocean_menu_typo_font_weight_tablet":"","ocean_menu_typo_font_weight_mobile":"","ocean_menu_typo_transform":"","ocean_menu_typo_transform_tablet":"","ocean_menu_typo_transform_mobile":"","ocean_menu_typo_line_height":0,"ocean_menu_typo_line_height_tablet":0,"ocean_menu_typo_line_height_mobile":0,"ocean_menu_typo_line_height_unit":"","ocean_menu_typo_spacing":0,"ocean_menu_typo_spacing_tablet":0,"ocean_menu_typo_spacing_mobile":0,"ocean_menu_typo_spacing_unit":"","ocean_menu_link_color":"","ocean_menu_link_color_hover":"","ocean_menu_link_color_active":"","ocean_menu_link_background":"","ocean_menu_link_hover_background":"","ocean_menu_link_active_background":"","ocean_menu_social_links_bg":"","ocean_menu_social_hover_links_bg":"","ocean_menu_social_links_color":"","ocean_menu_social_hover_links_color":"","ocean_disable_title":"default","ocean_disable_heading":"default","ocean_post_title":"","ocean_post_subheading":"","ocean_post_title_style":"","ocean_post_title_background_color":"","ocean_post_title_background":0,"ocean_post_title_bg_image_position":"","ocean_post_title_bg_image_attachment":"","ocean_post_title_bg_image_repeat":"","ocean_post_title_bg_image_size":"","ocean_post_title_height":0,"ocean_post_title_bg_overlay":0.5,"ocean_post_title_bg_overlay_color":"","ocean_disable_breadcrumbs":"default","ocean_breadcrumbs_color":"","ocean_breadcrumbs_separator_color":"","ocean_breadcrumbs_links_color":"","ocean_breadcrumbs_links_hover_color":"","ocean_display_footer_widgets":"default","ocean_display_footer_bottom":"default","ocean_custom_footer_template":"0","footnotes":""},"class_list":["post-1936","page","type-page","status-publish","hentry","entry"],"_links":{"self":[{"href":"http:\/\/ville-outreau.fr\/mairie\/wp-json\/wp\/v2\/pages\/1936","targetHints":{"allow":["GET"]}}],"collection":[{"href":"http:\/\/ville-outreau.fr\/mairie\/wp-json\/wp\/v2\/pages"}],"about":[{"href":"http:\/\/ville-outreau.fr\/mairie\/wp-json\/wp\/v2\/types\/page"}],"author":[{"embeddable":true,"href":"http:\/\/ville-outreau.fr\/mairie\/wp-json\/wp\/v2\/users\/1"}],"replies":[{"embeddable":true,"href":"http:\/\/ville-outreau.fr\/mairie\/wp-json\/wp\/v2\/comments?post=1936"}],"version-history":[{"count":31,"href":"http:\/\/ville-outreau.fr\/mairie\/wp-json\/wp\/v2\/pages\/1936\/revisions"}],"predecessor-version":[{"id":6132,"href":"http:\/\/ville-outreau.fr\/mairie\/wp-json\/wp\/v2\/pages\/1936\/revisions\/6132"}],"wp:attachment":[{"href":"http:\/\/ville-outreau.fr\/mairie\/wp-json\/wp\/v2\/media?parent=1936"}],"curies":[{"name":"wp","href":"https:\/\/api.w.org\/{rel}","templated":true}]}}