{"id":6581,"date":"2026-01-29T11:34:39","date_gmt":"2026-01-29T10:34:39","guid":{"rendered":"https:\/\/ville-outreau.fr\/mairie\/?page_id=6581"},"modified":"2026-01-30T14:59:24","modified_gmt":"2026-01-30T13:59:24","slug":"lien-formulaires","status":"publish","type":"page","link":"http:\/\/ville-outreau.fr\/mairie\/lien-formulaires\/","title":{"rendered":"Lien formulaires"},"content":{"rendered":"<h1><\/h1>\n<p>&nbsp;<\/p>\n<h1><img fetchpriority=\"high\" decoding=\"async\" class=\"alignnone wp-image-6611\" src=\"http:\/\/ville-outreau.fr\/mairie\/wp-content\/uploads\/2026\/01\/site-14-300x57.jpg\" alt=\"\" width=\"1216\" height=\"231\" srcset=\"http:\/\/ville-outreau.fr\/mairie\/wp-content\/uploads\/2026\/01\/site-14-300x57.jpg 300w, http:\/\/ville-outreau.fr\/mairie\/wp-content\/uploads\/2026\/01\/site-14-1024x195.jpg 1024w, http:\/\/ville-outreau.fr\/mairie\/wp-content\/uploads\/2026\/01\/site-14-768x146.jpg 768w, http:\/\/ville-outreau.fr\/mairie\/wp-content\/uploads\/2026\/01\/site-14-1536x292.jpg 1536w, http:\/\/ville-outreau.fr\/mairie\/wp-content\/uploads\/2026\/01\/site-14-2048x390.jpg 2048w\" sizes=\"(max-width: 1216px) 100vw, 1216px\" \/><\/h1>\n<h1><strong>Retrouvez ici toutes les informations et formulaires relatifs aux Services Techniques de la ville.\u00a0<\/strong><\/h1>\n<h2><strong>1 \/ Occupation du domaine public (travaux de voirie, d\u00e9m\u00e9nagement, emm\u00e9nagement, benne et \u00e9chafaudage)<\/strong><\/h2>\n<p>Pour faire votre demande par mail ou d\u00e9p\u00f4t physique en mairie : <strong><a href=\"http:\/\/ville-outreau.fr\/mairie\/wp-content\/uploads\/2026\/01\/Demande-doccupation-du-domaine-public.pdf\" target=\"_blank\" rel=\"noopener\"><span style=\"color: #ff0000;\">T\u00e9l\u00e9charger le formulaire PDF en cliquant ici<\/span> <\/a><\/strong><\/p>\n<p>Pour faire votre demande en ligne : <strong><span style=\"color: #ff0000;\">remplir le formulaire ci-dessous (soumission directe aux Services Techniques)<\/span><\/strong><\/p>\n<p><iframe src=\"https:\/\/docs.google.com\/forms\/d\/e\/1FAIpQLSceBavEKKuJc3OEK6xzjAsDDb1Y3DPIrPGN2AsNcJ1b4vi5pg\/viewform?embedded=true\" width=\"640\" height=\"3844\" frameborder=\"0\" marginwidth=\"0\" marginheight=\"0\">Chargement\u2026<\/iframe><\/p>\n<p>&nbsp;<\/p>\n<h2><strong>2 \/ Tarification<\/strong><\/h2>\n<p>Occupation du domaine public<\/p>\n<p><a href=\"http:\/\/ville-outreau.fr\/mairie\/wp-content\/uploads\/2026\/01\/Grille-tarifaire.pdf\" target=\"_blank\" rel=\"noopener\"><strong><span style=\"color: #ff0000;\">Consulter la grille tarifaire en cliquant ici<\/span><\/strong><\/a><\/p>\n<p>Frais selon le type et la dur\u00e9e des travaux.<\/p>\n<p>&nbsp;<\/p>\n<h2><strong>3\/ R\u00e8glement de voirie<\/strong><\/h2>\n<p><a href=\"http:\/\/ville-outreau.fr\/mairie\/wp-content\/uploads\/2026\/01\/reglement-de-voirie.pdf\" target=\"_blank\" rel=\"noopener\"><strong><span style=\"color: #ff0000;\">Consulter le r\u00e8glement en cliquant ici <\/span><\/strong><\/a><\/p>\n<p>(r\u00e8gles \u00e0 respecter pour toute intervention sur la voirie publique)<\/p>\n","protected":false},"excerpt":{"rendered":"<p>&nbsp; Retrouvez ici toutes les informations et formulaires relatifs aux Services Techniques de la ville.\u00a0 1 \/ Occupation du domaine public (travaux de voirie, d\u00e9m\u00e9nagement, emm\u00e9nagement, benne et \u00e9chafaudage) Pour faire votre demande par mail ou d\u00e9p\u00f4t physique en mairie : T\u00e9l\u00e9charger le formulaire PDF en cliquant ici Pour faire votre demande en ligne : [&hellip;]<\/p>\n","protected":false},"author":1,"featured_media":0,"parent":0,"menu_order":0,"comment_status":"closed","ping_status":"closed","template":"","meta":{"ocean_post_layout":"full-width","ocean_both_sidebars_style":"","ocean_both_sidebars_content_width":0,"ocean_both_sidebars_sidebars_width":0,"ocean_sidebar":"0","ocean_second_sidebar":"0","ocean_disable_margins":"enable","ocean_add_body_class":"","ocean_shortcode_before_top_bar":"","ocean_shortcode_after_top_bar":"","ocean_shortcode_before_header":"","ocean_shortcode_after_header":"","ocean_has_shortcode":"","ocean_shortcode_after_title":"","ocean_shortcode_before_footer_widgets":"","ocean_shortcode_after_footer_widgets":"","ocean_shortcode_before_footer_bottom":"","ocean_shortcode_after_footer_bottom":"","ocean_display_top_bar":"default","ocean_display_header":"default","ocean_header_style":"","ocean_center_header_left_menu":"0","ocean_custom_header_template":"0","ocean_custom_logo":0,"ocean_custom_retina_logo":0,"ocean_custom_logo_max_width":0,"ocean_custom_logo_tablet_max_width":0,"ocean_custom_logo_mobile_max_width":0,"ocean_custom_logo_max_height":0,"ocean_custom_logo_tablet_max_height":0,"ocean_custom_logo_mobile_max_height":0,"ocean_header_custom_menu":"0","ocean_menu_typo_font_family":"0","ocean_menu_typo_font_subset":"","ocean_menu_typo_font_size":0,"ocean_menu_typo_font_size_tablet":0,"ocean_menu_typo_font_size_mobile":0,"ocean_menu_typo_font_size_unit":"px","ocean_menu_typo_font_weight":"","ocean_menu_typo_font_weight_tablet":"","ocean_menu_typo_font_weight_mobile":"","ocean_menu_typo_transform":"","ocean_menu_typo_transform_tablet":"","ocean_menu_typo_transform_mobile":"","ocean_menu_typo_line_height":0,"ocean_menu_typo_line_height_tablet":0,"ocean_menu_typo_line_height_mobile":0,"ocean_menu_typo_line_height_unit":"","ocean_menu_typo_spacing":0,"ocean_menu_typo_spacing_tablet":0,"ocean_menu_typo_spacing_mobile":0,"ocean_menu_typo_spacing_unit":"","ocean_menu_link_color":"","ocean_menu_link_color_hover":"","ocean_menu_link_color_active":"","ocean_menu_link_background":"","ocean_menu_link_hover_background":"","ocean_menu_link_active_background":"","ocean_menu_social_links_bg":"","ocean_menu_social_hover_links_bg":"","ocean_menu_social_links_color":"","ocean_menu_social_hover_links_color":"","ocean_disable_title":"default","ocean_disable_heading":"default","ocean_post_title":"","ocean_post_subheading":"","ocean_post_title_style":"","ocean_post_title_background_color":"","ocean_post_title_background":0,"ocean_post_title_bg_image_position":"","ocean_post_title_bg_image_attachment":"","ocean_post_title_bg_image_repeat":"","ocean_post_title_bg_image_size":"","ocean_post_title_height":0,"ocean_post_title_bg_overlay":0.5,"ocean_post_title_bg_overlay_color":"","ocean_disable_breadcrumbs":"default","ocean_breadcrumbs_color":"","ocean_breadcrumbs_separator_color":"","ocean_breadcrumbs_links_color":"","ocean_breadcrumbs_links_hover_color":"","ocean_display_footer_widgets":"default","ocean_display_footer_bottom":"default","ocean_custom_footer_template":"0","footnotes":""},"class_list":["post-6581","page","type-page","status-publish","hentry","entry"],"_links":{"self":[{"href":"http:\/\/ville-outreau.fr\/mairie\/wp-json\/wp\/v2\/pages\/6581","targetHints":{"allow":["GET"]}}],"collection":[{"href":"http:\/\/ville-outreau.fr\/mairie\/wp-json\/wp\/v2\/pages"}],"about":[{"href":"http:\/\/ville-outreau.fr\/mairie\/wp-json\/wp\/v2\/types\/page"}],"author":[{"embeddable":true,"href":"http:\/\/ville-outreau.fr\/mairie\/wp-json\/wp\/v2\/users\/1"}],"replies":[{"embeddable":true,"href":"http:\/\/ville-outreau.fr\/mairie\/wp-json\/wp\/v2\/comments?post=6581"}],"version-history":[{"count":15,"href":"http:\/\/ville-outreau.fr\/mairie\/wp-json\/wp\/v2\/pages\/6581\/revisions"}],"predecessor-version":[{"id":6594,"href":"http:\/\/ville-outreau.fr\/mairie\/wp-json\/wp\/v2\/pages\/6581\/revisions\/6594"}],"wp:attachment":[{"href":"http:\/\/ville-outreau.fr\/mairie\/wp-json\/wp\/v2\/media?parent=6581"}],"curies":[{"name":"wp","href":"https:\/\/api.w.org\/{rel}","templated":true}]}}