{"id":1487,"date":"2018-10-10T15:12:12","date_gmt":"2018-10-10T13:12:12","guid":{"rendered":"http:\/\/localhost\/projet_2\/?page_id=1487"},"modified":"2020-02-06T14:55:25","modified_gmt":"2020-02-06T13:55:25","slug":"sport-2","status":"publish","type":"page","link":"https:\/\/ville-outreau.fr\/mairie\/sport-2\/","title":{"rendered":"Sport"},"content":{"rendered":"\t\t<div data-elementor-type=\"wp-post\" data-elementor-id=\"1487\" class=\"elementor elementor-1487 elementor-bc-flex-widget\">\n\t\t\t\t\t\t\t\t\t<section class=\"elementor-section elementor-top-section elementor-element elementor-element-164a23a elementor-section-full_width elementor-section-height-min-height elementor-section-height-default elementor-section-items-middle\" data-id=\"164a23a\" data-element_type=\"section\" data-settings=\"{&quot;background_background&quot;:&quot;classic&quot;}\">\n\t\t\t\t\t\t<div class=\"elementor-container elementor-column-gap-no\">\n\t\t\t\t\t<div class=\"elementor-column elementor-col-100 elementor-top-column elementor-element elementor-element-e210d97\" data-id=\"e210d97\" data-element_type=\"column\">\n\t\t\t<div class=\"elementor-widget-wrap\">\n\t\t\t\t\t\t\t\t\t<\/div>\n\t\t<\/div>\n\t\t\t\t\t\t\t<\/div>\n\t\t<\/section>\n\t\t\t\t<section class=\"elementor-section elementor-top-section elementor-element elementor-element-de9851a elementor-section-boxed elementor-section-height-default elementor-section-height-default\" data-id=\"de9851a\" data-element_type=\"section\">\n\t\t\t\t\t\t<div class=\"elementor-container elementor-column-gap-no\">\n\t\t\t\t\t<div class=\"elementor-column elementor-col-100 elementor-top-column elementor-element elementor-element-c44f2ba\" data-id=\"c44f2ba\" data-element_type=\"column\">\n\t\t\t<div class=\"elementor-widget-wrap elementor-element-populated\">\n\t\t\t\t\t\t\t\t<div class=\"elementor-element elementor-element-ef36bd4 elementor-widget elementor-widget-heading\" data-id=\"ef36bd4\" data-element_type=\"widget\" data-widget_type=\"heading.default\">\n\t\t\t\t<div class=\"elementor-widget-container\">\n\t\t\t<h2 class=\"elementor-heading-title elementor-size-default\">Outreau, ville sportive<\/h2>\t\t<\/div>\n\t\t\t\t<\/div>\n\t\t\t\t<div class=\"elementor-element elementor-element-83af1cc elementor-widget elementor-widget-wp-widget-recent-posts-widget-with-thumbnails\" data-id=\"83af1cc\" data-element_type=\"widget\" data-widget_type=\"wp-widget-recent-posts-widget-with-thumbnails.default\">\n\t\t\t\t<div class=\"elementor-widget-container\">\n\t\t\t\n<div id=\"rpwwt-wp-widget-recent-posts-widget-with-thumbnails\" class=\"rpwwt-widget\">\r\n\t<ul>\r\n\t\t<li><a href=\"https:\/\/ville-outreau.fr\/mairie\/aperoconcert\/\"><img decoding=\"async\" width=\"192\" height=\"271\" src=\"https:\/\/ville-outreau.fr\/mairie\/wp-content\/uploads\/2026\/03\/isidore-ok-scaled.jpg\" class=\"attachment-304x271 size-304x271 wp-post-image\" alt=\"\" srcset=\"https:\/\/ville-outreau.fr\/mairie\/wp-content\/uploads\/2026\/03\/isidore-ok-scaled.jpg 1810w, https:\/\/ville-outreau.fr\/mairie\/wp-content\/uploads\/2026\/03\/isidore-ok-212x300.jpg 212w, https:\/\/ville-outreau.fr\/mairie\/wp-content\/uploads\/2026\/03\/isidore-ok-724x1024.jpg 724w, https:\/\/ville-outreau.fr\/mairie\/wp-content\/uploads\/2026\/03\/isidore-ok-768x1086.jpg 768w, https:\/\/ville-outreau.fr\/mairie\/wp-content\/uploads\/2026\/03\/isidore-ok-1086x1536.jpg 1086w, https:\/\/ville-outreau.fr\/mairie\/wp-content\/uploads\/2026\/03\/isidore-ok-1448x2048.jpg 1448w\" sizes=\"(max-width: 192px) 100vw, 192px\" \/><span class=\"rpwwt-post-title\">Ap\u00e9ro-concert<\/span><\/a><div class=\"rpwwt-post-excerpt\"><\/div><\/li>\r\n\t\t<li><a href=\"https:\/\/ville-outreau.fr\/mairie\/nordiparc\/\"><img loading=\"lazy\" decoding=\"async\" width=\"192\" height=\"271\" src=\"https:\/\/ville-outreau.fr\/mairie\/wp-content\/uploads\/2023\/06\/nordi-v4.png\" class=\"attachment-304x271 size-304x271 wp-post-image\" alt=\"\" srcset=\"https:\/\/ville-outreau.fr\/mairie\/wp-content\/uploads\/2023\/06\/nordi-v4.png 1414w, https:\/\/ville-outreau.fr\/mairie\/wp-content\/uploads\/2023\/06\/nordi-v4-212x300.png 212w, https:\/\/ville-outreau.fr\/mairie\/wp-content\/uploads\/2023\/06\/nordi-v4-724x1024.png 724w, https:\/\/ville-outreau.fr\/mairie\/wp-content\/uploads\/2023\/06\/nordi-v4-768x1086.png 768w, https:\/\/ville-outreau.fr\/mairie\/wp-content\/uploads\/2023\/06\/nordi-v4-1086x1536.png 1086w\" sizes=\"(max-width: 192px) 100vw, 192px\" \/><span class=\"rpwwt-post-title\">Nordi Parc du Mont Soleil<\/span><\/a><div class=\"rpwwt-post-excerpt\">&nbsp;<span class=\"rpwwt-post-excerpt-more\"> [\u2026]<\/span><\/div><\/li>\r\n\t\t<li><a href=\"https:\/\/ville-outreau.fr\/mairie\/les-foulees-outreloises\/\"><img loading=\"lazy\" decoding=\"async\" width=\"192\" height=\"271\" src=\"https:\/\/ville-outreau.fr\/mairie\/wp-content\/uploads\/2021\/06\/Affiche3.jpg\" class=\"attachment-304x271 size-304x271 wp-post-image\" alt=\"\" srcset=\"https:\/\/ville-outreau.fr\/mairie\/wp-content\/uploads\/2021\/06\/Affiche3.jpg 480w, https:\/\/ville-outreau.fr\/mairie\/wp-content\/uploads\/2021\/06\/Affiche3-212x300.jpg 212w\" sizes=\"(max-width: 192px) 100vw, 192px\" \/><span class=\"rpwwt-post-title\">Les foul\u00e9es Outreloises<\/span><\/a><div class=\"rpwwt-post-excerpt\">Participez aux foul\u00e9es Outreloises le 21 novembre !\u00a0<span class=\"rpwwt-post-excerpt-more\"> [\u2026]<\/span><\/div><\/li>\r\n\t\t<li><a href=\"https:\/\/ville-outreau.fr\/mairie\/activites-sportives-des-vacances-de-fevrier\/\"><img loading=\"lazy\" decoding=\"async\" width=\"304\" height=\"215\" src=\"https:\/\/ville-outreau.fr\/mairie\/wp-content\/uploads\/2021\/02\/Planning-1.jpg\" class=\"attachment-304x271 size-304x271 wp-post-image\" alt=\"\" srcset=\"https:\/\/ville-outreau.fr\/mairie\/wp-content\/uploads\/2021\/02\/Planning-1.jpg 2500w, https:\/\/ville-outreau.fr\/mairie\/wp-content\/uploads\/2021\/02\/Planning-1-300x212.jpg 300w, https:\/\/ville-outreau.fr\/mairie\/wp-content\/uploads\/2021\/02\/Planning-1-1024x724.jpg 1024w, https:\/\/ville-outreau.fr\/mairie\/wp-content\/uploads\/2021\/02\/Planning-1-768x543.jpg 768w, https:\/\/ville-outreau.fr\/mairie\/wp-content\/uploads\/2021\/02\/Planning-1-1536x1086.jpg 1536w, https:\/\/ville-outreau.fr\/mairie\/wp-content\/uploads\/2021\/02\/Planning-1-2048x1448.jpg 2048w\" sizes=\"(max-width: 304px) 100vw, 304px\" \/><span class=\"rpwwt-post-title\">Activit\u00e9s Sportives des Vacances de F\u00e9vrier<\/span><\/a><div class=\"rpwwt-post-excerpt\">Du 22 F\u00e9vrier au 5 Mars venez bouger seule ou en famille dans le Parc du Mont Soleil !<span class=\"rpwwt-post-excerpt-more\"> [\u2026]<\/span><\/div><\/li>\r\n\t\t<li><a href=\"https:\/\/ville-outreau.fr\/mairie\/sport-en-confinement\/\"><img loading=\"lazy\" decoding=\"async\" width=\"232\" height=\"271\" src=\"https:\/\/ville-outreau.fr\/mairie\/wp-content\/uploads\/2020\/04\/Delphine-Alain-carte-\u00e0-jouer.jpg\" class=\"attachment-304x271 size-304x271 wp-post-image\" alt=\"\" srcset=\"https:\/\/ville-outreau.fr\/mairie\/wp-content\/uploads\/2020\/04\/Delphine-Alain-carte-\u00e0-jouer.jpg 518w, https:\/\/ville-outreau.fr\/mairie\/wp-content\/uploads\/2020\/04\/Delphine-Alain-carte-\u00e0-jouer-257x300.jpg 257w\" sizes=\"(max-width: 232px) 100vw, 232px\" \/><span class=\"rpwwt-post-title\">Sport en confinement<\/span><\/a><div class=\"rpwwt-post-excerpt\">Suivez vos coaches du Service des Sports. D'abord Delphine dans 3 s\u00e9ries d'exercices pour tous les \u00e2ges. Puis Alain pour une s\u00e9rie de d\u00e9fis.<span class=\"rpwwt-post-excerpt-more\"> [\u2026]<\/span><\/div><\/li>\r\n\t\t<li><a href=\"https:\/\/ville-outreau.fr\/mairie\/sport-sante\/\"><img loading=\"lazy\" decoding=\"async\" width=\"304\" height=\"271\" src=\"https:\/\/ville-outreau.fr\/mairie\/wp-content\/uploads\/2018\/10\/Sport-sante-actu.jpg\" class=\"attachment-304x271 size-304x271 wp-post-image\" alt=\"\" srcset=\"https:\/\/ville-outreau.fr\/mairie\/wp-content\/uploads\/2018\/10\/Sport-sante-actu.jpg 304w, https:\/\/ville-outreau.fr\/mairie\/wp-content\/uploads\/2018\/10\/Sport-sante-actu-300x267.jpg 300w\" sizes=\"(max-width: 304px) 100vw, 304px\" \/><span class=\"rpwwt-post-title\">Sport Sant\u00e9<\/span><\/a><div class=\"rpwwt-post-excerpt\">Apr\u00e8s le suucc\u00e8s de la premi\u00e8re \u00e9dition et le nombre croissant de demandes, le service des Sports et le service S\u00e9nou ont ouvert une nouvelle saison de SPORT-SANTE, \u00e0 partir de 55 ans...<span class=\"rpwwt-post-excerpt-more\"> [\u2026]<\/span><\/div><\/li>\r\n\t\t<li><a href=\"https:\/\/ville-outreau.fr\/mairie\/guide-des-clubs-outrelois\/\"><img loading=\"lazy\" decoding=\"async\" width=\"304\" height=\"271\" src=\"https:\/\/ville-outreau.fr\/mairie\/wp-content\/uploads\/2018\/10\/guide_asso_sportives_outreau.jpg\" class=\"attachment-304x271 size-304x271 wp-post-image\" alt=\"\" srcset=\"https:\/\/ville-outreau.fr\/mairie\/wp-content\/uploads\/2018\/10\/guide_asso_sportives_outreau.jpg 304w, https:\/\/ville-outreau.fr\/mairie\/wp-content\/uploads\/2018\/10\/guide_asso_sportives_outreau-300x267.jpg 300w\" sizes=\"(max-width: 304px) 100vw, 304px\" \/><span class=\"rpwwt-post-title\">Guide des clubs outrelois<\/span><\/a><div class=\"rpwwt-post-excerpt\">Les associations sportives d'Outreau vous ouvrent les bras !\r\nListe et contacts.<span class=\"rpwwt-post-excerpt-more\"> [\u2026]<\/span><\/div><\/li>\r\n\t\t<li><a href=\"https:\/\/ville-outreau.fr\/mairie\/piscine-oceane\/\"><img loading=\"lazy\" decoding=\"async\" width=\"304\" height=\"271\" src=\"https:\/\/ville-outreau.fr\/mairie\/wp-content\/uploads\/2018\/10\/SPORT-Piscine-Oceane.jpg\" class=\"attachment-304x271 size-304x271 wp-post-image\" alt=\"\" srcset=\"https:\/\/ville-outreau.fr\/mairie\/wp-content\/uploads\/2018\/10\/SPORT-Piscine-Oceane.jpg 304w, https:\/\/ville-outreau.fr\/mairie\/wp-content\/uploads\/2018\/10\/SPORT-Piscine-Oceane-300x267.jpg 300w\" sizes=\"(max-width: 304px) 100vw, 304px\" \/><span class=\"rpwwt-post-title\">Piscine Oceane<\/span><\/a><div class=\"rpwwt-post-excerpt\">Toutes ce que vous d\u00e9sirez savoir sur la piscine intercommunale.<span class=\"rpwwt-post-excerpt-more\"> [\u2026]<\/span><\/div><\/li>\r\n\t<\/ul>\r\n<\/div><!-- .rpwwt-widget -->\r\n\t\t<\/div>\n\t\t\t\t<\/div>\n\t\t\t\t\t<\/div>\n\t\t<\/div>\n\t\t\t\t\t\t\t<\/div>\n\t\t<\/section>\n\t\t\t\t\t\t\t<\/div>\n\t\t","protected":false},"excerpt":{"rendered":"<p>Outreau, ville sportive<\/p>\n","protected":false},"author":1,"featured_media":0,"parent":0,"menu_order":0,"comment_status":"closed","ping_status":"closed","template":"elementor_canvas","meta":{"ocean_post_layout":"full-screen","ocean_both_sidebars_style":"","ocean_both_sidebars_content_width":0,"ocean_both_sidebars_sidebars_width":0,"ocean_sidebar":"0","ocean_second_sidebar":"0","ocean_disable_margins":"enable","ocean_add_body_class":"","ocean_shortcode_before_top_bar":"","ocean_shortcode_after_top_bar":"","ocean_shortcode_before_header":"","ocean_shortcode_after_header":"","ocean_has_shortcode":"","ocean_shortcode_after_title":"","ocean_shortcode_before_footer_widgets":"","ocean_shortcode_after_footer_widgets":"","ocean_shortcode_before_footer_bottom":"","ocean_shortcode_after_footer_bottom":"","ocean_display_top_bar":"default","ocean_display_header":"default","ocean_header_style":"","ocean_center_header_left_menu":"0","ocean_custom_header_template":"0","ocean_custom_logo":0,"ocean_custom_retina_logo":0,"ocean_custom_logo_max_width":0,"ocean_custom_logo_tablet_max_width":0,"ocean_custom_logo_mobile_max_width":0,"ocean_custom_logo_max_height":0,"ocean_custom_logo_tablet_max_height":0,"ocean_custom_logo_mobile_max_height":0,"ocean_header_custom_menu":"0","ocean_menu_typo_font_family":"0","ocean_menu_typo_font_subset":"","ocean_menu_typo_font_size":0,"ocean_menu_typo_font_size_tablet":0,"ocean_menu_typo_font_size_mobile":0,"ocean_menu_typo_font_size_unit":"px","ocean_menu_typo_font_weight":"","ocean_menu_typo_font_weight_tablet":"","ocean_menu_typo_font_weight_mobile":"","ocean_menu_typo_transform":"","ocean_menu_typo_transform_tablet":"","ocean_menu_typo_transform_mobile":"","ocean_menu_typo_line_height":0,"ocean_menu_typo_line_height_tablet":0,"ocean_menu_typo_line_height_mobile":0,"ocean_menu_typo_line_height_unit":"","ocean_menu_typo_spacing":0,"ocean_menu_typo_spacing_tablet":0,"ocean_menu_typo_spacing_mobile":0,"ocean_menu_typo_spacing_unit":"","ocean_menu_link_color":"","ocean_menu_link_color_hover":"","ocean_menu_link_color_active":"","ocean_menu_link_background":"","ocean_menu_link_hover_background":"","ocean_menu_link_active_background":"","ocean_menu_social_links_bg":"","ocean_menu_social_hover_links_bg":"","ocean_menu_social_links_color":"","ocean_menu_social_hover_links_color":"","ocean_disable_title":"default","ocean_disable_heading":"default","ocean_post_title":"","ocean_post_subheading":"","ocean_post_title_style":"","ocean_post_title_background_color":"","ocean_post_title_background":0,"ocean_post_title_bg_image_position":"","ocean_post_title_bg_image_attachment":"","ocean_post_title_bg_image_repeat":"","ocean_post_title_bg_image_size":"","ocean_post_title_height":0,"ocean_post_title_bg_overlay":0.5,"ocean_post_title_bg_overlay_color":"","ocean_disable_breadcrumbs":"default","ocean_breadcrumbs_color":"","ocean_breadcrumbs_separator_color":"","ocean_breadcrumbs_links_color":"","ocean_breadcrumbs_links_hover_color":"","ocean_display_footer_widgets":"default","ocean_display_footer_bottom":"default","ocean_custom_footer_template":"0","footnotes":""},"class_list":["post-1487","page","type-page","status-publish","hentry","entry","has-media"],"_links":{"self":[{"href":"https:\/\/ville-outreau.fr\/mairie\/wp-json\/wp\/v2\/pages\/1487","targetHints":{"allow":["GET"]}}],"collection":[{"href":"https:\/\/ville-outreau.fr\/mairie\/wp-json\/wp\/v2\/pages"}],"about":[{"href":"https:\/\/ville-outreau.fr\/mairie\/wp-json\/wp\/v2\/types\/page"}],"author":[{"embeddable":true,"href":"https:\/\/ville-outreau.fr\/mairie\/wp-json\/wp\/v2\/users\/1"}],"replies":[{"embeddable":true,"href":"https:\/\/ville-outreau.fr\/mairie\/wp-json\/wp\/v2\/comments?post=1487"}],"version-history":[{"count":23,"href":"https:\/\/ville-outreau.fr\/mairie\/wp-json\/wp\/v2\/pages\/1487\/revisions"}],"predecessor-version":[{"id":1925,"href":"https:\/\/ville-outreau.fr\/mairie\/wp-json\/wp\/v2\/pages\/1487\/revisions\/1925"}],"wp:attachment":[{"href":"https:\/\/ville-outreau.fr\/mairie\/wp-json\/wp\/v2\/media?parent=1487"}],"curies":[{"name":"wp","href":"https:\/\/api.w.org\/{rel}","templated":true}]}}