{"id":1501,"date":"2018-10-10T16:29:27","date_gmt":"2018-10-10T14:29:27","guid":{"rendered":"http:\/\/localhost\/projet_2\/?page_id=1501"},"modified":"2022-04-21T10:21:47","modified_gmt":"2022-04-21T08:21:47","slug":"etat-civil","status":"publish","type":"page","link":"https:\/\/ville-outreau.fr\/mairie\/etat-civil\/","title":{"rendered":"\u00c9tat-civil"},"content":{"rendered":"\t\t<div data-elementor-type=\"wp-post\" data-elementor-id=\"1501\" class=\"elementor elementor-1501\">\n\t\t\t\t\t\t\t\t\t<section class=\"elementor-section elementor-top-section elementor-element elementor-element-24cac6c elementor-section-boxed elementor-section-height-default elementor-section-height-default\" data-id=\"24cac6c\" data-element_type=\"section\">\n\t\t\t\t\t\t<div class=\"elementor-container elementor-column-gap-default\">\n\t\t\t\t\t<div class=\"elementor-column elementor-col-100 elementor-top-column elementor-element elementor-element-39ebec7\" data-id=\"39ebec7\" data-element_type=\"column\">\n\t\t\t<div class=\"elementor-widget-wrap elementor-element-populated\">\n\t\t\t\t\t\t\t\t<div class=\"elementor-element elementor-element-19823c0 elementor-widget elementor-widget-spacer\" data-id=\"19823c0\" data-element_type=\"widget\" data-widget_type=\"spacer.default\">\n\t\t\t\t<div class=\"elementor-widget-container\">\n\t\t\t\t\t<div class=\"elementor-spacer\">\n\t\t\t<div class=\"elementor-spacer-inner\"><\/div>\n\t\t<\/div>\n\t\t\t\t<\/div>\n\t\t\t\t<\/div>\n\t\t\t\t\t<\/div>\n\t\t<\/div>\n\t\t\t\t\t\t\t<\/div>\n\t\t<\/section>\n\t\t\t\t<section class=\"elementor-section elementor-top-section elementor-element elementor-element-d5bfcd2 elementor-section-boxed elementor-section-height-default elementor-section-height-default\" data-id=\"d5bfcd2\" data-element_type=\"section\">\n\t\t\t\t\t\t<div class=\"elementor-container elementor-column-gap-default\">\n\t\t\t\t\t<div class=\"elementor-column elementor-col-100 elementor-top-column elementor-element elementor-element-00c9169\" data-id=\"00c9169\" data-element_type=\"column\">\n\t\t\t<div class=\"elementor-widget-wrap elementor-element-populated\">\n\t\t\t\t\t\t\t\t<div class=\"elementor-element elementor-element-8e86151 elementor-widget elementor-widget-image\" data-id=\"8e86151\" data-element_type=\"widget\" data-widget_type=\"image.default\">\n\t\t\t\t<div class=\"elementor-widget-container\">\n\t\t\t\t\t\t\t\t\t\t\t\t\t\t\t<img fetchpriority=\"high\" decoding=\"async\" width=\"2560\" height=\"465\" src=\"https:\/\/ville-outreau.fr\/mairie\/wp-content\/uploads\/2022\/04\/bandeau-site-6-scaled.jpg\" class=\"attachment-full size-full wp-image-4667\" alt=\"\" srcset=\"https:\/\/ville-outreau.fr\/mairie\/wp-content\/uploads\/2022\/04\/bandeau-site-6-scaled.jpg 2560w, https:\/\/ville-outreau.fr\/mairie\/wp-content\/uploads\/2022\/04\/bandeau-site-6-300x55.jpg 300w, https:\/\/ville-outreau.fr\/mairie\/wp-content\/uploads\/2022\/04\/bandeau-site-6-1024x186.jpg 1024w, https:\/\/ville-outreau.fr\/mairie\/wp-content\/uploads\/2022\/04\/bandeau-site-6-768x140.jpg 768w, https:\/\/ville-outreau.fr\/mairie\/wp-content\/uploads\/2022\/04\/bandeau-site-6-1536x279.jpg 1536w, https:\/\/ville-outreau.fr\/mairie\/wp-content\/uploads\/2022\/04\/bandeau-site-6-2048x372.jpg 2048w\" sizes=\"(max-width: 2560px) 100vw, 2560px\" \/>\t\t\t\t\t\t\t\t\t\t\t\t\t\t\t<\/div>\n\t\t\t\t<\/div>\n\t\t\t\t\t<\/div>\n\t\t<\/div>\n\t\t\t\t\t\t\t<\/div>\n\t\t<\/section>\n\t\t\t\t<section class=\"elementor-section elementor-top-section elementor-element elementor-element-7d687405 elementor-section-boxed elementor-section-height-default elementor-section-height-default\" data-id=\"7d687405\" data-element_type=\"section\">\n\t\t\t\t\t\t<div class=\"elementor-container elementor-column-gap-default\">\n\t\t\t\t\t<div class=\"elementor-column elementor-col-100 elementor-top-column elementor-element elementor-element-5e968899\" data-id=\"5e968899\" data-element_type=\"column\">\n\t\t\t<div class=\"elementor-widget-wrap elementor-element-populated\">\n\t\t\t\t\t\t\t\t<div class=\"elementor-element elementor-element-336991ab elementor-widget elementor-widget-text-editor\" data-id=\"336991ab\" data-element_type=\"widget\" data-widget_type=\"text-editor.default\">\n\t\t\t\t<div class=\"elementor-widget-container\">\n\t\t\t\t\t\t\t<h2>LES D\u00c9MARCHES ET DOCUMENTS \u00c0 FOURNIR<\/h2>\n<h2><span style=\"color: #e94080;\"><strong>Copie int\u00e9grale d\u2019acte de naissance<\/strong><\/span><\/h2>\n<ul>\n<li>une copie int\u00e9grale d\u2019acte de naissance est d\u00e9livr\u00e9e par la Mairie de votre lieu de naissance, ou, dans le cas o\u00f9 vous \u00eates n\u00e9 \u00e0 l\u2019\u00e9tranger, au Minist\u00e8re des Affaires Etrang\u00e8res 11 rue de la Maison Blanche 44941 NANTES cedex 9 ou sur le site:&nbsp;<a href=\"http:\/\/www.diplomatie.gouv.fr\/\" target=\"_self\" rel=\"noopener noreferrer\">www.diplomatie.gouv.fr<\/a><\/li>\n<\/ul>\n<p>A noter qu\u2019il est possible d\u2019obtenir un acte de naissance sur simple demande \u00e0 la Mairie du lieu de naissance (en justifiant de la filiation et en adressant par courrier la photocopie de votre livret de famille et de votre pi\u00e8ce d\u2019identit\u00e9). L\u2019acte sera \u00e0 retirer aupr\u00e8s de votre Mairie de r\u00e9sidence, muni de votre pi\u00e8ce d\u2019identit\u00e9.<\/p><p><br><\/p>\n<h1><span style=\"color: #e94080;\"><strong>Copie d\u2019acte de d\u00e9c\u00e8s<\/strong><\/span><\/h1>\n<ul>\n<li>une copie int\u00e9grale d\u2019acte de d\u00e9c\u00e8s est d\u00e9livr\u00e9e par la Mairie du lieu de d\u00e9c\u00e8s<\/li>\n<\/ul>\n<p>A noter qu\u2019il est possible d\u2019obtenir un acte d\u00e9c\u00e8s sur simple demande \u00e0 la Mairie du lieu de d\u00e9c\u00e8s ( en justifiant de la filiation et en adressant par courrier, fax ou mail la photocopie de votre livret de famille et de votre pi\u00e8ce d\u2019identit\u00e9) L\u2019acte sera \u00e0 retirer aupr\u00e8s de votre Mairie de r\u00e9sidence, muni de votre pi\u00e8ce d\u2019identit\u00e9<\/p>\n<p><strong>&nbsp;<\/strong><\/p>\n<h1><span style=\"color: #e94080;\"><strong>Mariage \/ Bapt\u00eame R\u00e9publicain \/ PACS<\/strong><\/span><\/h1>\n<p>Prenez contact avec le service Etat Civil pour une prise de rendez-vous afin de constituer votre dossier.<\/p>\n<h1 style=\"text-align: left;\"><span style=\"color: #e94080;\"><span style=\"color: #333333; font-size: 16px;\">&nbsp;<\/span><\/span><img decoding=\"async\" class=\"wp-image-4502 alignnone\" style=\"color: #e94080; font-size: 16px;\" src=\"http:\/\/ville-outreau.fr\/mairie\/wp-content\/uploads\/2022\/04\/sticker-logo-telephone.jpg-300x300.png\" alt=\"\" width=\"43\" height=\"43\" srcset=\"https:\/\/ville-outreau.fr\/mairie\/wp-content\/uploads\/2022\/04\/sticker-logo-telephone.jpg-300x300.png 300w, https:\/\/ville-outreau.fr\/mairie\/wp-content\/uploads\/2022\/04\/sticker-logo-telephone.jpg-150x150.png 150w, https:\/\/ville-outreau.fr\/mairie\/wp-content\/uploads\/2022\/04\/sticker-logo-telephone.jpg.png 600w\" sizes=\"(max-width: 43px) 100vw, 43px\" \/><span style=\"color: #e94080;\">&nbsp;O\u00f9 faut-il s&rsquo;adresser ?<\/span><\/h1>\n<p>H\u00f4tel de Ville, Rue du Biez \u00e0 Outreau<\/p>\n<p>T\u00e9l. 03 21 99 07 77<\/p>\t\t\t\t\t\t<\/div>\n\t\t\t\t<\/div>\n\t\t\t\t\t<\/div>\n\t\t<\/div>\n\t\t\t\t\t\t\t<\/div>\n\t\t<\/section>\n\t\t\t\t<section class=\"elementor-section elementor-top-section elementor-element elementor-element-20f0f1b elementor-section-boxed elementor-section-height-default elementor-section-height-default\" data-id=\"20f0f1b\" data-element_type=\"section\">\n\t\t\t\t\t\t<div class=\"elementor-container elementor-column-gap-default\">\n\t\t\t\t\t<div class=\"elementor-column elementor-col-100 elementor-top-column elementor-element elementor-element-8ee983b\" data-id=\"8ee983b\" data-element_type=\"column\">\n\t\t\t<div class=\"elementor-widget-wrap\">\n\t\t\t\t\t\t\t\t\t<\/div>\n\t\t<\/div>\n\t\t\t\t\t\t\t<\/div>\n\t\t<\/section>\n\t\t\t\t\t\t\t<\/div>\n\t\t","protected":false},"excerpt":{"rendered":"<p>LES D\u00c9MARCHES ET DOCUMENTS \u00c0 FOURNIR Copie int\u00e9grale d\u2019acte de naissance une copie int\u00e9grale d\u2019acte de naissance est d\u00e9livr\u00e9e par la Mairie de votre lieu de naissance, ou, dans le cas o\u00f9 vous \u00eates n\u00e9 \u00e0 l\u2019\u00e9tranger, au Minist\u00e8re des Affaires Etrang\u00e8res 11 rue de la Maison Blanche 44941 NANTES cedex 9 ou sur le [&hellip;]<\/p>\n","protected":false},"author":1,"featured_media":0,"parent":0,"menu_order":0,"comment_status":"closed","ping_status":"closed","template":"","meta":{"ocean_post_layout":"full-width","ocean_both_sidebars_style":"","ocean_both_sidebars_content_width":0,"ocean_both_sidebars_sidebars_width":0,"ocean_sidebar":"0","ocean_second_sidebar":"0","ocean_disable_margins":"enable","ocean_add_body_class":"","ocean_shortcode_before_top_bar":"","ocean_shortcode_after_top_bar":"","ocean_shortcode_before_header":"","ocean_shortcode_after_header":"","ocean_has_shortcode":"","ocean_shortcode_after_title":"","ocean_shortcode_before_footer_widgets":"","ocean_shortcode_after_footer_widgets":"","ocean_shortcode_before_footer_bottom":"","ocean_shortcode_after_footer_bottom":"","ocean_display_top_bar":"default","ocean_display_header":"default","ocean_header_style":"","ocean_center_header_left_menu":"0","ocean_custom_header_template":"0","ocean_custom_logo":0,"ocean_custom_retina_logo":0,"ocean_custom_logo_max_width":0,"ocean_custom_logo_tablet_max_width":0,"ocean_custom_logo_mobile_max_width":0,"ocean_custom_logo_max_height":0,"ocean_custom_logo_tablet_max_height":0,"ocean_custom_logo_mobile_max_height":0,"ocean_header_custom_menu":"0","ocean_menu_typo_font_family":"0","ocean_menu_typo_font_subset":"","ocean_menu_typo_font_size":0,"ocean_menu_typo_font_size_tablet":0,"ocean_menu_typo_font_size_mobile":0,"ocean_menu_typo_font_size_unit":"px","ocean_menu_typo_font_weight":"","ocean_menu_typo_font_weight_tablet":"","ocean_menu_typo_font_weight_mobile":"","ocean_menu_typo_transform":"","ocean_menu_typo_transform_tablet":"","ocean_menu_typo_transform_mobile":"","ocean_menu_typo_line_height":0,"ocean_menu_typo_line_height_tablet":0,"ocean_menu_typo_line_height_mobile":0,"ocean_menu_typo_line_height_unit":"","ocean_menu_typo_spacing":0,"ocean_menu_typo_spacing_tablet":0,"ocean_menu_typo_spacing_mobile":0,"ocean_menu_typo_spacing_unit":"","ocean_menu_link_color":"","ocean_menu_link_color_hover":"","ocean_menu_link_color_active":"","ocean_menu_link_background":"","ocean_menu_link_hover_background":"","ocean_menu_link_active_background":"","ocean_menu_social_links_bg":"","ocean_menu_social_hover_links_bg":"","ocean_menu_social_links_color":"","ocean_menu_social_hover_links_color":"","ocean_disable_title":"default","ocean_disable_heading":"default","ocean_post_title":"","ocean_post_subheading":"","ocean_post_title_style":"","ocean_post_title_background_color":"","ocean_post_title_background":0,"ocean_post_title_bg_image_position":"","ocean_post_title_bg_image_attachment":"","ocean_post_title_bg_image_repeat":"","ocean_post_title_bg_image_size":"","ocean_post_title_height":0,"ocean_post_title_bg_overlay":0.5,"ocean_post_title_bg_overlay_color":"","ocean_disable_breadcrumbs":"default","ocean_breadcrumbs_color":"","ocean_breadcrumbs_separator_color":"","ocean_breadcrumbs_links_color":"","ocean_breadcrumbs_links_hover_color":"","ocean_display_footer_widgets":"default","ocean_display_footer_bottom":"default","ocean_custom_footer_template":"0","footnotes":""},"class_list":["post-1501","page","type-page","status-publish","hentry","entry"],"_links":{"self":[{"href":"https:\/\/ville-outreau.fr\/mairie\/wp-json\/wp\/v2\/pages\/1501","targetHints":{"allow":["GET"]}}],"collection":[{"href":"https:\/\/ville-outreau.fr\/mairie\/wp-json\/wp\/v2\/pages"}],"about":[{"href":"https:\/\/ville-outreau.fr\/mairie\/wp-json\/wp\/v2\/types\/page"}],"author":[{"embeddable":true,"href":"https:\/\/ville-outreau.fr\/mairie\/wp-json\/wp\/v2\/users\/1"}],"replies":[{"embeddable":true,"href":"https:\/\/ville-outreau.fr\/mairie\/wp-json\/wp\/v2\/comments?post=1501"}],"version-history":[{"count":35,"href":"https:\/\/ville-outreau.fr\/mairie\/wp-json\/wp\/v2\/pages\/1501\/revisions"}],"predecessor-version":[{"id":4670,"href":"https:\/\/ville-outreau.fr\/mairie\/wp-json\/wp\/v2\/pages\/1501\/revisions\/4670"}],"wp:attachment":[{"href":"https:\/\/ville-outreau.fr\/mairie\/wp-json\/wp\/v2\/media?parent=1501"}],"curies":[{"name":"wp","href":"https:\/\/api.w.org\/{rel}","templated":true}]}}