{"id":3357,"date":"2020-11-05T09:12:59","date_gmt":"2020-11-05T08:12:59","guid":{"rendered":"http:\/\/ville-outreau.fr\/mairie\/?page_id=3357"},"modified":"2020-12-03T16:10:43","modified_gmt":"2020-12-03T15:10:43","slug":"soutien-aux-commerces","status":"publish","type":"page","link":"https:\/\/ville-outreau.fr\/mairie\/soutien-aux-commerces\/","title":{"rendered":"Soutien aux commerces"},"content":{"rendered":"\t\t<div data-elementor-type=\"wp-page\" data-elementor-id=\"3357\" class=\"elementor elementor-3357\">\n\t\t\t\t\t\t<section class=\"elementor-section elementor-top-section elementor-element elementor-element-6dd9867 elementor-section-boxed elementor-section-height-default elementor-section-height-default\" data-id=\"6dd9867\" data-element_type=\"section\" data-e-type=\"section\">\n\t\t\t\t\t\t<div class=\"elementor-container elementor-column-gap-default\">\n\t\t\t\t\t<div class=\"elementor-column elementor-col-100 elementor-top-column elementor-element elementor-element-0837e4a\" data-id=\"0837e4a\" data-element_type=\"column\" data-e-type=\"column\">\n\t\t\t<div class=\"elementor-widget-wrap elementor-element-populated\">\n\t\t\t\t\t\t<div class=\"elementor-element elementor-element-d0aee6f elementor-widget elementor-widget-heading\" data-id=\"d0aee6f\" data-element_type=\"widget\" data-e-type=\"widget\" data-widget_type=\"heading.default\">\n\t\t\t\t<div class=\"elementor-widget-container\">\n\t\t\t\t\t<h2 class=\"elementor-heading-title elementor-size-default\"><h1 style=\"text-align: center\">Soutien aux commerces et restaurants Outrelois<\/h1><\/h2>\t\t\t\t<\/div>\n\t\t\t\t<\/div>\n\t\t\t\t<div class=\"elementor-element elementor-element-138dab7 elementor-widget elementor-widget-image\" data-id=\"138dab7\" data-element_type=\"widget\" data-e-type=\"widget\" data-widget_type=\"image.default\">\n\t\t\t\t<div class=\"elementor-widget-container\">\n\t\t\t\t\t\t\t\t\t\t\t\t\t\t\t<img fetchpriority=\"high\" decoding=\"async\" width=\"1024\" height=\"390\" src=\"http:\/\/ville-outreau.fr\/mairie\/wp-content\/uploads\/2020\/11\/commerce-1024x390.jpg\" class=\"attachment-large size-large wp-image-3350\" alt=\"\" srcset=\"http:\/\/ville-outreau.fr\/mairie\/wp-content\/uploads\/2020\/11\/commerce-1024x390.jpg 1024w, http:\/\/ville-outreau.fr\/mairie\/wp-content\/uploads\/2020\/11\/commerce-300x114.jpg 300w, http:\/\/ville-outreau.fr\/mairie\/wp-content\/uploads\/2020\/11\/commerce-768x292.jpg 768w, http:\/\/ville-outreau.fr\/mairie\/wp-content\/uploads\/2020\/11\/commerce-1536x584.jpg 1536w, http:\/\/ville-outreau.fr\/mairie\/wp-content\/uploads\/2020\/11\/commerce-2048x779.jpg 2048w\" sizes=\"(max-width: 1024px) 100vw, 1024px\" \/>\t\t\t\t\t\t\t\t\t\t\t\t\t\t\t<\/div>\n\t\t\t\t<\/div>\n\t\t\t\t\t<\/div>\n\t\t<\/div>\n\t\t\t\t\t<\/div>\n\t\t<\/section>\n\t\t\t\t<section class=\"elementor-section elementor-top-section elementor-element elementor-element-6bf075e elementor-section-boxed elementor-section-height-default elementor-section-height-default\" data-id=\"6bf075e\" data-element_type=\"section\" data-e-type=\"section\">\n\t\t\t\t\t\t<div class=\"elementor-container elementor-column-gap-default\">\n\t\t\t\t\t<div class=\"elementor-column elementor-col-100 elementor-top-column elementor-element elementor-element-0a44dfa\" data-id=\"0a44dfa\" data-element_type=\"column\" data-e-type=\"column\">\n\t\t\t<div class=\"elementor-widget-wrap elementor-element-populated\">\n\t\t\t\t\t\t<div class=\"elementor-element elementor-element-919cea5 elementor-widget elementor-widget-text-editor\" data-id=\"919cea5\" data-element_type=\"widget\" data-e-type=\"widget\" data-widget_type=\"text-editor.default\">\n\t\t\t\t<div class=\"elementor-widget-container\">\n\t\t\t\t\t\t\t\t\t<p style=\"text-align: center;\"><span style=\"color: #000000;\">Retrouvez ci-dessous la liste des commerces et restaurants Outrelois proposant de la vente \u00e0 distance, \u00e0 emporter ou de la livraison \u00e0 domicile.<\/span><\/p>\t\t\t\t\t\t\t\t<\/div>\n\t\t\t\t<\/div>\n\t\t\t\t\t<\/div>\n\t\t<\/div>\n\t\t\t\t\t<\/div>\n\t\t<\/section>\n\t\t\t\t<section class=\"elementor-section elementor-top-section elementor-element elementor-element-e18379f elementor-section-boxed elementor-section-height-default elementor-section-height-default\" data-id=\"e18379f\" data-element_type=\"section\" data-e-type=\"section\">\n\t\t\t\t\t\t<div class=\"elementor-container elementor-column-gap-default\">\n\t\t\t\t\t<div class=\"elementor-column elementor-col-100 elementor-top-column elementor-element elementor-element-39c409f\" data-id=\"39c409f\" data-element_type=\"column\" data-e-type=\"column\">\n\t\t\t<div class=\"elementor-widget-wrap elementor-element-populated\">\n\t\t\t\t\t\t<div class=\"elementor-element elementor-element-6c602fd elementor-widget elementor-widget-text-editor\" data-id=\"6c602fd\" data-element_type=\"widget\" data-e-type=\"widget\" data-widget_type=\"text-editor.default\">\n\t\t\t\t<div class=\"elementor-widget-container\">\n\t\t\t\t\t\t\t\t\t<h3 style=\"text-align: center;\"><span style=\"color: #800000;\">Les Traiteurs<\/span><\/h3>\t\t\t\t\t\t\t\t<\/div>\n\t\t\t\t<\/div>\n\t\t\t\t\t<\/div>\n\t\t<\/div>\n\t\t\t\t\t<\/div>\n\t\t<\/section>\n\t\t\t\t<section class=\"elementor-section elementor-top-section elementor-element elementor-element-3942e1e elementor-section-boxed elementor-section-height-default elementor-section-height-default\" data-id=\"3942e1e\" data-element_type=\"section\" data-e-type=\"section\">\n\t\t\t\t\t\t<div class=\"elementor-container elementor-column-gap-default\">\n\t\t\t\t\t<div class=\"elementor-column elementor-col-100 elementor-top-column elementor-element elementor-element-0cd7b78\" data-id=\"0cd7b78\" data-element_type=\"column\" data-e-type=\"column\">\n\t\t\t<div class=\"elementor-widget-wrap elementor-element-populated\">\n\t\t\t\t\t\t<div class=\"elementor-element elementor-element-ba09c46 elementor-widget elementor-widget-text-editor\" data-id=\"ba09c46\" data-element_type=\"widget\" data-e-type=\"widget\" data-widget_type=\"text-editor.default\">\n\t\t\t\t<div class=\"elementor-widget-container\">\n\t\t\t\t\t\t\t\t\t<p style=\"text-align: center;\">Type de commerce : Traiteur (sp\u00e9cialit\u00e9 : po\u00ealon g\u00e9ant)<\/p><p style=\"text-align: center;\"><strong>Nom du commerce :<\/strong> <strong>Le Seven Grill Traiteur<\/strong><\/p><p style=\"text-align: center;\">Adresse : 43 rue Jean Jacques rousseau 62230 Outreau<\/p><p style=\"text-align: center;\">Num\u00e9ro de t\u00e9l\u00e9phone : 06 87 73 93 49<\/p><p style=\"text-align: center;\">Jours et horaires de retrait et\/ou livraison \u00e0 domicile : samedi et dimanche midi et soir<\/p><p style=\"text-align: center;\"><a href=\"https:\/\/www.facebook.com\/Le-Seven-Grill-Traiteur-174862649383156\/\"><span style=\"color: #000080;\">Facebook<\/span><\/a><\/p><p style=\"text-align: center;\">(Vous pouvez les contacter si vous souhaitez des renseignements compl\u00e9mentaires)<\/p><p>\u00a0<\/p><div style=\"text-align: center;\"><span style=\"color: #000000;\">&#8212;&#8212;&#8212;&#8212;&#8212;&#8212;&#8212;&#8212;&#8212;&#8212;&#8212;&#8212;<\/span><\/div>\t\t\t\t\t\t\t\t<\/div>\n\t\t\t\t<\/div>\n\t\t\t\t\t<\/div>\n\t\t<\/div>\n\t\t\t\t\t<\/div>\n\t\t<\/section>\n\t\t\t\t<section class=\"elementor-section elementor-top-section elementor-element elementor-element-7238a75 elementor-section-boxed elementor-section-height-default elementor-section-height-default\" data-id=\"7238a75\" data-element_type=\"section\" data-e-type=\"section\">\n\t\t\t\t\t\t<div class=\"elementor-container elementor-column-gap-default\">\n\t\t\t\t\t<div class=\"elementor-column elementor-col-100 elementor-top-column elementor-element elementor-element-3ea0018\" data-id=\"3ea0018\" data-element_type=\"column\" data-e-type=\"column\">\n\t\t\t<div class=\"elementor-widget-wrap elementor-element-populated\">\n\t\t\t\t\t\t<div class=\"elementor-element elementor-element-9ee8294 elementor-widget elementor-widget-text-editor\" data-id=\"9ee8294\" data-element_type=\"widget\" data-e-type=\"widget\" data-widget_type=\"text-editor.default\">\n\t\t\t\t<div class=\"elementor-widget-container\">\n\t\t\t\t\t\t\t\t\t<h3 style=\"text-align: center;\"><span style=\"color: #800000;\">Les \u00e9piceries<br \/><\/span><\/h3>\t\t\t\t\t\t\t\t<\/div>\n\t\t\t\t<\/div>\n\t\t\t\t\t<\/div>\n\t\t<\/div>\n\t\t\t\t\t<\/div>\n\t\t<\/section>\n\t\t\t\t<section class=\"elementor-section elementor-top-section elementor-element elementor-element-89501f4 elementor-section-boxed elementor-section-height-default elementor-section-height-default\" data-id=\"89501f4\" data-element_type=\"section\" data-e-type=\"section\">\n\t\t\t\t\t\t<div class=\"elementor-container elementor-column-gap-default\">\n\t\t\t\t\t<div class=\"elementor-column elementor-col-100 elementor-top-column elementor-element elementor-element-45ab58e\" data-id=\"45ab58e\" data-element_type=\"column\" data-e-type=\"column\">\n\t\t\t<div class=\"elementor-widget-wrap elementor-element-populated\">\n\t\t\t\t\t\t<div class=\"elementor-element elementor-element-e669d5b elementor-widget elementor-widget-text-editor\" data-id=\"e669d5b\" data-element_type=\"widget\" data-e-type=\"widget\" data-widget_type=\"text-editor.default\">\n\t\t\t\t<div class=\"elementor-widget-container\">\n\t\t\t\t\t\t\t\t\t<p style=\"text-align: center;\">Type de commerce : \u00e9picerie<\/p>\n<p style=\"text-align: center;\"><strong>Nom du commerce :<\/strong> <strong>Rapid Market<br><\/strong><\/p>\n<p style=\"text-align: center;\">Adresse : 41 rue de la Marne 62230 Outreau<\/p>\n<p style=\"text-align: center;\">Num\u00e9ro de t\u00e9l\u00e9phone : 03 21 31 88 84<\/p>\n<p style=\"text-align: center;\">Jours et horaires de retrait et\/ou livraison \u00e0 domicile : tous les jours (sauf le lundi) de 8h \u00e0 12h30 et de 15h \u00e0 19h30 et le dimanche de 15h \u00e0 19h30<\/p>\n<p style=\"text-align: center;\"><span class=\"_3oh- _58nk\">Livraison gratuite \u00e0 partir de 35 euros<\/span><\/p>\n<p style=\"text-align: center;\">(Vous pouvez les contacter si vous souhaitez des renseignements compl\u00e9mentaires)<\/p>\n<div style=\"text-align: center;\"><span style=\"color: #000000;\"><br><\/span><\/div>\n<div style=\"text-align: center;\"><span style=\"color: #000000;\">&#8212;&#8212;&#8212;&#8212;&#8212;&#8212;&#8212;&#8212;&#8212;&#8212;&#8212;&#8212;<\/span><\/div>\n<div><br><\/div>\t\t\t\t\t\t\t\t<\/div>\n\t\t\t\t<\/div>\n\t\t\t\t\t<\/div>\n\t\t<\/div>\n\t\t\t\t\t<\/div>\n\t\t<\/section>\n\t\t\t\t<section class=\"elementor-section elementor-top-section elementor-element elementor-element-fd3426c elementor-section-boxed elementor-section-height-default elementor-section-height-default\" data-id=\"fd3426c\" data-element_type=\"section\" data-e-type=\"section\">\n\t\t\t\t\t\t<div class=\"elementor-container elementor-column-gap-default\">\n\t\t\t\t\t<div class=\"elementor-column elementor-col-100 elementor-top-column elementor-element elementor-element-bcc4add\" data-id=\"bcc4add\" data-element_type=\"column\" data-e-type=\"column\">\n\t\t\t<div class=\"elementor-widget-wrap elementor-element-populated\">\n\t\t\t\t\t\t<div class=\"elementor-element elementor-element-b69b5bb elementor-widget elementor-widget-text-editor\" data-id=\"b69b5bb\" data-element_type=\"widget\" data-e-type=\"widget\" data-widget_type=\"text-editor.default\">\n\t\t\t\t<div class=\"elementor-widget-container\">\n\t\t\t\t\t\t\t\t\t<h3 style=\"text-align: center;\"><span style=\"color: #800000;\">Les bars \/ Restauration rapide<br><\/span><\/h3>\t\t\t\t\t\t\t\t<\/div>\n\t\t\t\t<\/div>\n\t\t\t\t\t<\/div>\n\t\t<\/div>\n\t\t\t\t\t<\/div>\n\t\t<\/section>\n\t\t\t\t<section class=\"elementor-section elementor-top-section elementor-element elementor-element-112503b elementor-section-boxed elementor-section-height-default elementor-section-height-default\" data-id=\"112503b\" data-element_type=\"section\" data-e-type=\"section\">\n\t\t\t\t\t\t<div class=\"elementor-container elementor-column-gap-default\">\n\t\t\t\t\t<div class=\"elementor-column elementor-col-100 elementor-top-column elementor-element elementor-element-b700393\" data-id=\"b700393\" data-element_type=\"column\" data-e-type=\"column\">\n\t\t\t<div class=\"elementor-widget-wrap elementor-element-populated\">\n\t\t\t\t\t\t<div class=\"elementor-element elementor-element-e2051a4 elementor-widget elementor-widget-text-editor\" data-id=\"e2051a4\" data-element_type=\"widget\" data-e-type=\"widget\" data-widget_type=\"text-editor.default\">\n\t\t\t\t<div class=\"elementor-widget-container\">\n\t\t\t\t\t\t\t\t\t<p style=\"text-align: center;\">Type de commerce : Bar \/ Restauration rapide<\/p>\n<p style=\"text-align: center;\"><strong>Nom du commerce :<\/strong> <strong>Nad Jac<br><\/strong><\/p>\n<p style=\"text-align: center;\">Adresse : 2 rue du Professeur Clerc 62230 Outreau<\/p>\n<p style=\"text-align: center;\">Num\u00e9ro de t\u00e9l\u00e9phone : 03 21 80 68 66<br><\/p>\n<p style=\"text-align: center;\">Jours et horaires de retrait et\/ou livraison \u00e0 domicile : du mardi au dimanche de 11h30 \u00e0 13h30 et de 18h30 \u00e0 21h30<\/p>\n<p style=\"text-align: center;\"><span>Repas le samedi et dimanche<\/span><\/p>\n<p style=\"text-align: center;\"><span><span>Restauration rapide e<\/span>n livraison et \u00e0 emporter<br><\/span><\/p>\n<p style=\"text-align: center;\">(Vous pouvez les contacter si vous souhaitez des renseignements compl\u00e9mentaires)<\/p>\n<div style=\"text-align: center;\"><span style=\"color: #000000;\">&nbsp;<\/span><\/div>\n<div style=\"text-align: center;\"><span style=\"color: #000000;\">&#8212;&#8212;&#8212;&#8212;&#8212;&#8212;&#8212;&#8212;&#8212;&#8212;&#8212;&#8212;<\/span><\/div>\n<div>&nbsp;<\/div>\n<p><\/p>\t\t\t\t\t\t\t\t<\/div>\n\t\t\t\t<\/div>\n\t\t\t\t\t<\/div>\n\t\t<\/div>\n\t\t\t\t\t<\/div>\n\t\t<\/section>\n\t\t\t\t<\/div>\n\t\t","protected":false},"excerpt":{"rendered":"<p>Soutien aux commerces et restaurants Outrelois Retrouvez ci-dessous la liste des commerces et restaurants Outrelois proposant de la vente \u00e0 distance, \u00e0 emporter ou de la livraison \u00e0 domicile. Les Traiteurs Type de commerce : Traiteur (sp\u00e9cialit\u00e9 : po\u00ealon g\u00e9ant) Nom du commerce : Le Seven Grill Traiteur Adresse : 43 rue Jean Jacques rousseau [&hellip;]<\/p>\n","protected":false},"author":1,"featured_media":0,"parent":0,"menu_order":0,"comment_status":"closed","ping_status":"closed","template":"elementor_canvas","meta":{"ocean_post_layout":"","ocean_both_sidebars_style":"","ocean_both_sidebars_content_width":0,"ocean_both_sidebars_sidebars_width":0,"ocean_sidebar":"0","ocean_second_sidebar":"0","ocean_disable_margins":"enable","ocean_add_body_class":"","ocean_shortcode_before_top_bar":"","ocean_shortcode_after_top_bar":"","ocean_shortcode_before_header":"","ocean_shortcode_after_header":"","ocean_has_shortcode":"","ocean_shortcode_after_title":"","ocean_shortcode_before_footer_widgets":"","ocean_shortcode_after_footer_widgets":"","ocean_shortcode_before_footer_bottom":"","ocean_shortcode_after_footer_bottom":"","ocean_display_top_bar":"default","ocean_display_header":"default","ocean_header_style":"","ocean_center_header_left_menu":"0","ocean_custom_header_template":"0","ocean_custom_logo":0,"ocean_custom_retina_logo":0,"ocean_custom_logo_max_width":0,"ocean_custom_logo_tablet_max_width":0,"ocean_custom_logo_mobile_max_width":0,"ocean_custom_logo_max_height":0,"ocean_custom_logo_tablet_max_height":0,"ocean_custom_logo_mobile_max_height":0,"ocean_header_custom_menu":"0","ocean_menu_typo_font_family":"0","ocean_menu_typo_font_subset":"","ocean_menu_typo_font_size":0,"ocean_menu_typo_font_size_tablet":0,"ocean_menu_typo_font_size_mobile":0,"ocean_menu_typo_font_size_unit":"px","ocean_menu_typo_font_weight":"","ocean_menu_typo_font_weight_tablet":"","ocean_menu_typo_font_weight_mobile":"","ocean_menu_typo_transform":"","ocean_menu_typo_transform_tablet":"","ocean_menu_typo_transform_mobile":"","ocean_menu_typo_line_height":0,"ocean_menu_typo_line_height_tablet":0,"ocean_menu_typo_line_height_mobile":0,"ocean_menu_typo_line_height_unit":"","ocean_menu_typo_spacing":0,"ocean_menu_typo_spacing_tablet":0,"ocean_menu_typo_spacing_mobile":0,"ocean_menu_typo_spacing_unit":"","ocean_menu_link_color":"","ocean_menu_link_color_hover":"","ocean_menu_link_color_active":"","ocean_menu_link_background":"","ocean_menu_link_hover_background":"","ocean_menu_link_active_background":"","ocean_menu_social_links_bg":"","ocean_menu_social_hover_links_bg":"","ocean_menu_social_links_color":"","ocean_menu_social_hover_links_color":"","ocean_disable_title":"default","ocean_disable_heading":"default","ocean_post_title":"","ocean_post_subheading":"","ocean_post_title_style":"","ocean_post_title_background_color":"","ocean_post_title_background":0,"ocean_post_title_bg_image_position":"","ocean_post_title_bg_image_attachment":"","ocean_post_title_bg_image_repeat":"","ocean_post_title_bg_image_size":"","ocean_post_title_height":0,"ocean_post_title_bg_overlay":0.5,"ocean_post_title_bg_overlay_color":"","ocean_disable_breadcrumbs":"default","ocean_breadcrumbs_color":"","ocean_breadcrumbs_separator_color":"","ocean_breadcrumbs_links_color":"","ocean_breadcrumbs_links_hover_color":"","ocean_display_footer_widgets":"default","ocean_display_footer_bottom":"default","ocean_custom_footer_template":"0","footnotes":""},"class_list":["post-3357","page","type-page","status-publish","hentry","entry"],"_links":{"self":[{"href":"https:\/\/ville-outreau.fr\/mairie\/wp-json\/wp\/v2\/pages\/3357","targetHints":{"allow":["GET"]}}],"collection":[{"href":"https:\/\/ville-outreau.fr\/mairie\/wp-json\/wp\/v2\/pages"}],"about":[{"href":"https:\/\/ville-outreau.fr\/mairie\/wp-json\/wp\/v2\/types\/page"}],"author":[{"embeddable":true,"href":"https:\/\/ville-outreau.fr\/mairie\/wp-json\/wp\/v2\/users\/1"}],"replies":[{"embeddable":true,"href":"https:\/\/ville-outreau.fr\/mairie\/wp-json\/wp\/v2\/comments?post=3357"}],"version-history":[{"count":30,"href":"https:\/\/ville-outreau.fr\/mairie\/wp-json\/wp\/v2\/pages\/3357\/revisions"}],"predecessor-version":[{"id":3413,"href":"https:\/\/ville-outreau.fr\/mairie\/wp-json\/wp\/v2\/pages\/3357\/revisions\/3413"}],"wp:attachment":[{"href":"https:\/\/ville-outreau.fr\/mairie\/wp-json\/wp\/v2\/media?parent=3357"}],"curies":[{"name":"wp","href":"https:\/\/api.w.org\/{rel}","templated":true}]}}