{"id":6019,"date":"2024-02-28T13:32:48","date_gmt":"2024-02-28T12:32:48","guid":{"rendered":"https:\/\/ville-outreau.fr\/mairie\/?page_id=6019"},"modified":"2024-02-29T08:02:59","modified_gmt":"2024-02-29T07:02:59","slug":"passeport-et-carte-didentite","status":"publish","type":"page","link":"https:\/\/ville-outreau.fr\/mairie\/passeport-et-carte-didentite\/","title":{"rendered":"Passeport et carte d&rsquo;identit\u00e9"},"content":{"rendered":"\t\t<div data-elementor-type=\"wp-page\" data-elementor-id=\"6019\" class=\"elementor elementor-6019\">\n\t\t\t\t\t\t\t\t\t<section class=\"elementor-section elementor-top-section elementor-element elementor-element-bd7c9ac elementor-section-boxed elementor-section-height-default elementor-section-height-default\" data-id=\"bd7c9ac\" data-element_type=\"section\">\n\t\t\t\t\t\t<div class=\"elementor-container elementor-column-gap-default\">\n\t\t\t\t\t<div class=\"elementor-column elementor-col-100 elementor-top-column elementor-element elementor-element-94f21ca\" data-id=\"94f21ca\" data-element_type=\"column\">\n\t\t\t<div class=\"elementor-widget-wrap elementor-element-populated\">\n\t\t\t\t\t\t\t\t<div class=\"elementor-element elementor-element-ca5fddc elementor-widget elementor-widget-spacer\" data-id=\"ca5fddc\" data-element_type=\"widget\" data-widget_type=\"spacer.default\">\n\t\t\t\t<div class=\"elementor-widget-container\">\n\t\t\t\t\t<div class=\"elementor-spacer\">\n\t\t\t<div class=\"elementor-spacer-inner\"><\/div>\n\t\t<\/div>\n\t\t\t\t<\/div>\n\t\t\t\t<\/div>\n\t\t\t\t\t<\/div>\n\t\t<\/div>\n\t\t\t\t\t\t\t<\/div>\n\t\t<\/section>\n\t\t\t\t<section class=\"elementor-section elementor-top-section elementor-element elementor-element-88d1352 elementor-section-boxed elementor-section-height-default elementor-section-height-default\" data-id=\"88d1352\" data-element_type=\"section\">\n\t\t\t\t\t\t<div class=\"elementor-container elementor-column-gap-default\">\n\t\t\t\t\t<div class=\"elementor-column elementor-col-100 elementor-top-column elementor-element elementor-element-6953c8c\" data-id=\"6953c8c\" data-element_type=\"column\">\n\t\t\t<div class=\"elementor-widget-wrap elementor-element-populated\">\n\t\t\t\t\t\t\t\t<div class=\"elementor-element elementor-element-311e736 elementor-widget elementor-widget-image\" data-id=\"311e736\" data-element_type=\"widget\" data-widget_type=\"image.default\">\n\t\t\t\t<div class=\"elementor-widget-container\">\n\t\t\t\t\t\t\t\t\t\t\t\t\t\t\t<img fetchpriority=\"high\" decoding=\"async\" width=\"1024\" height=\"195\" src=\"https:\/\/ville-outreau.fr\/mairie\/wp-content\/uploads\/2024\/02\/bandeau-site-Copie-1024x195.jpg\" class=\"attachment-large size-large wp-image-6020\" alt=\"\" srcset=\"https:\/\/ville-outreau.fr\/mairie\/wp-content\/uploads\/2024\/02\/bandeau-site-Copie-1024x195.jpg 1024w, https:\/\/ville-outreau.fr\/mairie\/wp-content\/uploads\/2024\/02\/bandeau-site-Copie-300x57.jpg 300w, https:\/\/ville-outreau.fr\/mairie\/wp-content\/uploads\/2024\/02\/bandeau-site-Copie-768x146.jpg 768w, https:\/\/ville-outreau.fr\/mairie\/wp-content\/uploads\/2024\/02\/bandeau-site-Copie.jpg 1240w\" sizes=\"(max-width: 1024px) 100vw, 1024px\" \/>\t\t\t\t\t\t\t\t\t\t\t\t\t\t\t<\/div>\n\t\t\t\t<\/div>\n\t\t\t\t\t<\/div>\n\t\t<\/div>\n\t\t\t\t\t\t\t<\/div>\n\t\t<\/section>\n\t\t\t\t<section class=\"elementor-section elementor-top-section elementor-element elementor-element-057ac44 elementor-section-boxed elementor-section-height-default elementor-section-height-default\" data-id=\"057ac44\" data-element_type=\"section\">\n\t\t\t\t\t\t<div class=\"elementor-container elementor-column-gap-default\">\n\t\t\t\t\t<div class=\"elementor-column elementor-col-100 elementor-top-column elementor-element elementor-element-16f11b0\" data-id=\"16f11b0\" data-element_type=\"column\">\n\t\t\t<div class=\"elementor-widget-wrap elementor-element-populated\">\n\t\t\t\t\t\t\t\t<div class=\"elementor-element elementor-element-281a23c elementor-widget elementor-widget-text-editor\" data-id=\"281a23c\" data-element_type=\"widget\" data-widget_type=\"text-editor.default\">\n\t\t\t\t<div class=\"elementor-widget-container\">\n\t\t\t\t\t\t\t<h3 dir=\"auto\"><span style=\"color: #fc3c80;\">Pr\u00e9-demande en ligne :\u00a0<\/span><\/h3><div dir=\"auto\"><span class=\"x3nfvp2 x1j61x8r x1fcty0u xdj266r xhhsvwb xat24cr xgzva0m xxymvpz xlup9mm x1kky2od\"><img decoding=\"async\" class=\"xz74otr\" src=\"https:\/\/static.xx.fbcdn.net\/images\/emoji.php\/v9\/t51\/1\/16\/1f449.png\" alt=\"\ud83d\udc49\" width=\"16\" height=\"16\" \/><\/span>Le d\u00e9p\u00f4t d&rsquo;une demande de carte d&rsquo;identit\u00e9 ou de passeport se r\u00e9alise uniquement sur rendez-vous.<\/div><div dir=\"auto\">Vous devez en faire la pr\u00e9-demande en ligne sur le site de l&rsquo;ANTS : <span style=\"text-decoration: underline;\"><a href=\"https:\/\/passeport.ants.gouv.fr\/demarches-en-ligne\">ANTS &#8211; D\u00e9marches en ligne<\/a><\/span><\/div><div dir=\"auto\"><span class=\"x3nfvp2 x1j61x8r x1fcty0u xdj266r xhhsvwb xat24cr xgzva0m xxymvpz xlup9mm x1kky2od\"><img decoding=\"async\" class=\"xz74otr\" src=\"https:\/\/static.xx.fbcdn.net\/images\/emoji.php\/v9\/t51\/1\/16\/1f449.png\" alt=\"\ud83d\udc49\" width=\"16\" height=\"16\" \/><\/span>Nous vous remercions d\u2019imprimer le document joint au mail de confirmation de votre pr\u00e9-demande. Si vous ne pouvez pas imprimer la pr\u00e9-demande, merci d\u2019en relever le num\u00e9ro. L&rsquo;int\u00e9ress\u00e9 doit obligatoirement \u00eatre pr\u00e9sent au moment du d\u00e9p\u00f4t du dossier. Sa pr\u00e9sence est \u00e9galement obligatoire pour la remise du nouveau titre, except\u00e9 pour les mineurs de moins de 12 ans.<\/div><div dir=\"auto\">\u00a0<\/div><div dir=\"auto\"><div id=\"1364043045\" class=\"u_1364043045 dmNewParagraph\" data-element-type=\"paragraph\" data-version=\"5\" data-styletopreserve=\"{\"><h3><span style=\"color: #fc3c80;\"><span class=\"\">Documents obligatoires \u00e0 fournir\u00a0<\/span>(pour toutes les demandes)<span class=\"\">\u00a0:<\/span><\/span><\/h3><\/div><div id=\"1998756399\" class=\"dmNewParagraph\" data-element-type=\"paragraph\" data-version=\"5\"><ul class=\"defaultList bullet\"><li class=\"text-align-justify\"><span class=\"\">Cerfa ou pr\u00e9-demande \u00e0 faire sur le site\u00a0<\/span><a href=\"https:\/\/ants.gouv.fr\/\" target=\"_blank\" rel=\"noopener\" type=\"url\">ants.gouv.fr<\/a><span class=\"\">\u00a0(imprimer le r\u00e9capitulatif)<\/span><\/li><li class=\"text-align-justify\"><span class=\"\">Justificatif de domicile de\u00a0<strong>\u2013 1 an<\/strong>\u00a0: facture ou \u00e9ch\u00e9ancier, avis d\u2019imposition, assurance habitation en\u00a0<\/span>format papier<span class=\"\">\u00a0<\/span>(les contrats pour les fournisseurs d\u2019\u00e9nergies ne sont pas accept\u00e9s ainsi que les quittances de loyers manuscrites)<\/li><li class=\"text-align-justify\">Carte d\u2019identit\u00e9 ou passeport du demandeur<\/li><li class=\"text-align-justify\">1 photo d\u2019identit\u00e9 (\u00a0<strong>\u2013 de 6 mois<\/strong>\u00a0et lunettes d\u00e9conseill\u00e9es)<\/li><li class=\"text-align-justify\"><span class=\"\">Copie int\u00e9grale de l\u2019acte de naissance de\u00a0<strong>\u2013 de 3 mois<\/strong>\u00a0(si commune non d\u00e9mat\u00e9rialis\u00e9e, \u00e0 v\u00e9rifier sur\u00a0<\/span><a href=\"https:\/\/passeport.ants.gouv.fr\/services\/villes-adherentes-a-la-dematerialisation\" target=\"_blank\" rel=\"noopener\" type=\"url\">ANTS \u2013 Villes adh\u00e9rentes \u00e0 la d\u00e9mat\u00e9rialisation<\/a>\u00a0)<\/li><li>Attestation d\u2019h\u00e9bergement + carte d\u2019identit\u00e9 de l\u2019h\u00e9bergeant (Si le demandeur est dans l\u2019impossibilit\u00e9 de fournir un justificatif \u00e0 son nom. Attention : les copies ne sont pas accept\u00e9es.)<\/li><\/ul><\/div><div id=\"1055053980\" class=\"u_1055053980 dmNewParagraph\" data-element-type=\"paragraph\" data-version=\"5\"><h3><span style=\"color: #fc3c80;\">Passeport :<\/span><\/h3><\/div><div id=\"1937538807\" class=\"u_1937538807 dmNewParagraph\" data-element-type=\"paragraph\" data-version=\"5\"><ul class=\"defaultList bullet\"><li class=\"text-align-justify\"><span class=\"\">Timbres fiscaux (achat en tabac presse ou sur\u00a0<\/span><span style=\"text-decoration: underline;\"><a href=\"https:\/\/timbres.impots.gouv.fr\/pages\/achat\/choixSeries.jsp\" target=\"_blank\" rel=\"noopener\" type=\"url\">timbre.imp\u00f4ts.gouv.fr<\/a>)<\/span><br \/><ul class=\"defaultList bullet\"><li class=\"ql-indent-1\">\u2013 de 15 ans<span class=\"\">\u00a0: 17 \u20ac<\/span><\/li><li class=\"ql-indent-1\">De 15 ans \u00e0 18 ans<span class=\"\">\u00a0: 42 \u20ac<\/span><\/li><li class=\"ql-indent-1\">Adultes<span class=\"\">\u00a0:\u00a0<\/span>86 \u20ac<\/li><\/ul><\/li><\/ul><div id=\"1550234579\" class=\"u_1550234579 dmNewParagraph\" data-element-type=\"paragraph\" data-version=\"5\" data-styletopreserve=\"{\"><h3><span style=\"color: #fc3c80;\">Documents \u00e0 ajouter en fonction de la situation :<\/span><\/h3><\/div><div id=\"1510630524\" class=\"dmNewParagraph\" data-element-type=\"paragraph\" data-version=\"5\" data-styletopreserve=\"{\"><ul class=\"defaultList bullet\"><li class=\"text-align-justify\"><span class=\"\">En cas de perte ou vol :<\/span><br \/><ul class=\"defaultList bullet\"><li class=\"text-align-justify ql-indent-1\"><span class=\"\">D\u00e9claration de perte \/ vol :\u00a0<\/span><a href=\"https:\/\/www.service-public.fr\/particuliers\/vosdroits\/R13630\" target=\"_blank\" rel=\"noopener\">D\u00e9claration de perte de carte d\u2019identit\u00e9 ou de passeport (Formulaire 14011*02) | Service-public.fr<\/a>\u00a0<\/li><li class=\"text-align-justify ql-indent-1\"><span class=\"\">Timbre fiscal d\u2019un montant de 25 \u20ac pour la carte d\u2019identit\u00e9, pour le passeport se r\u00e9f\u00e9rer aux tarifs ci-dessous (achat en tabac presse ou sur\u00a0<\/span><a href=\"https:\/\/timbres.impots.gouv.fr\/pages\/achat\/choixSeries.jsp\" target=\"_blank\" rel=\"noopener\" type=\"url\">timbre.imp\u00f4ts.gouv.fr<\/a>)<\/li><\/ul><\/li><\/ul><\/div><div id=\"1065309227\" class=\"dmNewParagraph\" data-element-type=\"paragraph\" data-version=\"5\"><ul class=\"defaultList bullet\"><li>Pour les enfants mineurs :<br \/><ul class=\"defaultList bullet\"><li class=\"ql-indent-1\">Carte d\u2019identit\u00e9 du parent qui sera pr\u00e9sent le jour du rendez-vous (pas de copie)<\/li><li class=\"ql-indent-1\"><span class=\"\">En cas de r\u00e9sidence altern\u00e9e\u00a0<\/span>: jugement + justificatifs de domicile et carte d\u2019identit\u00e9 des 2 parents.<br \/><ul class=\"defaultList bullet\"><li class=\"ql-indent-2\">si pas de jugement, fournir d\u00e9claration conjointe des 2 parents + cartes d\u2019identit\u00e9 des 2 parents)<\/li><\/ul><\/li><\/ul><\/li><\/ul><\/div><\/div><\/div><div dir=\"auto\">Attention : tout dossier incomplet ne sera pas trait\u00e9.<\/div><h3><span style=\"color: #fc3c80;\">D\u00e9p\u00f4ts et retraits :<\/span>\u00a0<\/h3><div dir=\"auto\">\u00a0Une fois votre pr\u00e9-demande r\u00e9alis\u00e9e, vous pouvez prendre rendez-vous en ligne sur :<\/div><div dir=\"auto\"><span style=\"text-decoration: underline;\"><a href=\"https:\/\/rendezvousonline.fr\/alias\/outreau-62230\/prendre-rendez-vous?service=Carte%20Nationale%20d%27Identit%C3%A9%20%28CNI%29%20et%20Passeport\">Prise de rendez-vous avec Mairie d&rsquo;Outreau &#8211; RendezVousOnline.fr<\/a><\/span><\/div><div dir=\"auto\">\u00a0<\/div><div dir=\"auto\">Attention, le jour du retrait, la pr\u00e9sence du demandeur \u00e0 partir de 12 ans est obligatoire.<\/div><div dir=\"auto\">\u00a0<\/div><div dir=\"auto\"><p><strong><u>Pour les d\u00e9p\u00f4ts\u00a0:<\/u><\/strong><\/p><p>&#8211;\u00a0 Lundi de 14h &#8211; 17h<\/p><p>&#8211; \u00a0Mardi de 9h \u2013 11h<\/p><p>&#8211; Mercredi de 14h \u2013 17h<\/p><p>&#8211; Jeudi de 9h \u2013 11h<\/p><p>&#8211; Vendredi de 14h \u2013 17h<\/p><p><strong><u>Pour les retraits\u00a0:<\/u><\/strong><\/p><p>&#8211;\u00a0 Lundi de 11h &#8211; 11h45<\/p><p>&#8211; \u00a0Mardi de 14h \u2013 14h45<\/p><p>&#8211; Mercredi de 11h \u2013 11h45<\/p><p>&#8211; Jeudi de 14h \u2013 14h45<\/p><p>&#8211; Vendredi de 11h \u2013 11h45<\/p><\/div><div dir=\"auto\">\u00a0<\/div><div dir=\"auto\">Si vous rencontrez des difficult\u00e9s pour vos d\u00e9marches en ligne, vous pouvez vous adresser au service Etat Civil de la ville d\u2019Outreau : T\u00e9l. 03 21 99 07 61 ou courriel : etatcivil@ville-outreau.fr<\/div>\t\t\t\t\t\t<\/div>\n\t\t\t\t<\/div>\n\t\t\t\t\t<\/div>\n\t\t<\/div>\n\t\t\t\t\t\t\t<\/div>\n\t\t<\/section>\n\t\t\t\t\t\t\t<\/div>\n\t\t","protected":false},"excerpt":{"rendered":"<p>Pr\u00e9-demande en ligne :\u00a0 Le d\u00e9p\u00f4t d&rsquo;une demande de carte d&rsquo;identit\u00e9 ou de passeport se r\u00e9alise uniquement sur rendez-vous.Vous devez en faire la pr\u00e9-demande en ligne sur le site de l&rsquo;ANTS : ANTS &#8211; D\u00e9marches en ligneNous vous remercions d\u2019imprimer le document joint au mail de confirmation de votre pr\u00e9-demande. Si vous ne pouvez pas [&hellip;]<\/p>\n","protected":false},"author":1,"featured_media":0,"parent":0,"menu_order":0,"comment_status":"closed","ping_status":"closed","template":"","meta":{"ocean_post_layout":"","ocean_both_sidebars_style":"","ocean_both_sidebars_content_width":0,"ocean_both_sidebars_sidebars_width":0,"ocean_sidebar":"","ocean_second_sidebar":"","ocean_disable_margins":"enable","ocean_add_body_class":"","ocean_shortcode_before_top_bar":"","ocean_shortcode_after_top_bar":"","ocean_shortcode_before_header":"","ocean_shortcode_after_header":"","ocean_has_shortcode":"","ocean_shortcode_after_title":"","ocean_shortcode_before_footer_widgets":"","ocean_shortcode_after_footer_widgets":"","ocean_shortcode_before_footer_bottom":"","ocean_shortcode_after_footer_bottom":"","ocean_display_top_bar":"default","ocean_display_header":"default","ocean_header_style":"","ocean_center_header_left_menu":"","ocean_custom_header_template":"","ocean_custom_logo":0,"ocean_custom_retina_logo":0,"ocean_custom_logo_max_width":0,"ocean_custom_logo_tablet_max_width":0,"ocean_custom_logo_mobile_max_width":0,"ocean_custom_logo_max_height":0,"ocean_custom_logo_tablet_max_height":0,"ocean_custom_logo_mobile_max_height":0,"ocean_header_custom_menu":"","ocean_menu_typo_font_family":"","ocean_menu_typo_font_subset":"","ocean_menu_typo_font_size":0,"ocean_menu_typo_font_size_tablet":0,"ocean_menu_typo_font_size_mobile":0,"ocean_menu_typo_font_size_unit":"px","ocean_menu_typo_font_weight":"","ocean_menu_typo_font_weight_tablet":"","ocean_menu_typo_font_weight_mobile":"","ocean_menu_typo_transform":"","ocean_menu_typo_transform_tablet":"","ocean_menu_typo_transform_mobile":"","ocean_menu_typo_line_height":0,"ocean_menu_typo_line_height_tablet":0,"ocean_menu_typo_line_height_mobile":0,"ocean_menu_typo_line_height_unit":"","ocean_menu_typo_spacing":0,"ocean_menu_typo_spacing_tablet":0,"ocean_menu_typo_spacing_mobile":0,"ocean_menu_typo_spacing_unit":"","ocean_menu_link_color":"","ocean_menu_link_color_hover":"","ocean_menu_link_color_active":"","ocean_menu_link_background":"","ocean_menu_link_hover_background":"","ocean_menu_link_active_background":"","ocean_menu_social_links_bg":"","ocean_menu_social_hover_links_bg":"","ocean_menu_social_links_color":"","ocean_menu_social_hover_links_color":"","ocean_disable_title":"default","ocean_disable_heading":"default","ocean_post_title":"","ocean_post_subheading":"","ocean_post_title_style":"","ocean_post_title_background_color":"","ocean_post_title_background":0,"ocean_post_title_bg_image_position":"","ocean_post_title_bg_image_attachment":"","ocean_post_title_bg_image_repeat":"","ocean_post_title_bg_image_size":"","ocean_post_title_height":0,"ocean_post_title_bg_overlay":0.5,"ocean_post_title_bg_overlay_color":"","ocean_disable_breadcrumbs":"default","ocean_breadcrumbs_color":"","ocean_breadcrumbs_separator_color":"","ocean_breadcrumbs_links_color":"","ocean_breadcrumbs_links_hover_color":"","ocean_display_footer_widgets":"default","ocean_display_footer_bottom":"default","ocean_custom_footer_template":"","footnotes":""},"class_list":["post-6019","page","type-page","status-publish","hentry","entry"],"_links":{"self":[{"href":"https:\/\/ville-outreau.fr\/mairie\/wp-json\/wp\/v2\/pages\/6019","targetHints":{"allow":["GET"]}}],"collection":[{"href":"https:\/\/ville-outreau.fr\/mairie\/wp-json\/wp\/v2\/pages"}],"about":[{"href":"https:\/\/ville-outreau.fr\/mairie\/wp-json\/wp\/v2\/types\/page"}],"author":[{"embeddable":true,"href":"https:\/\/ville-outreau.fr\/mairie\/wp-json\/wp\/v2\/users\/1"}],"replies":[{"embeddable":true,"href":"https:\/\/ville-outreau.fr\/mairie\/wp-json\/wp\/v2\/comments?post=6019"}],"version-history":[{"count":27,"href":"https:\/\/ville-outreau.fr\/mairie\/wp-json\/wp\/v2\/pages\/6019\/revisions"}],"predecessor-version":[{"id":6049,"href":"https:\/\/ville-outreau.fr\/mairie\/wp-json\/wp\/v2\/pages\/6019\/revisions\/6049"}],"wp:attachment":[{"href":"https:\/\/ville-outreau.fr\/mairie\/wp-json\/wp\/v2\/media?parent=6019"}],"curies":[{"name":"wp","href":"https:\/\/api.w.org\/{rel}","templated":true}]}}