{"id":6184,"date":"2024-08-09T11:32:50","date_gmt":"2024-08-09T09:32:50","guid":{"rendered":"https:\/\/ville-outreau.fr\/mairie\/?page_id=6184"},"modified":"2026-02-06T14:54:49","modified_gmt":"2026-02-06T13:54:49","slug":"liberation","status":"publish","type":"page","link":"https:\/\/ville-outreau.fr\/mairie\/liberation\/","title":{"rendered":"Lib\u00e9ration"},"content":{"rendered":"\t\t<div data-elementor-type=\"wp-page\" data-elementor-id=\"6184\" class=\"elementor elementor-6184\">\n\t\t\t\t\t\t\t\t\t<section class=\"elementor-section elementor-top-section elementor-element elementor-element-92997fd elementor-section-boxed elementor-section-height-default elementor-section-height-default\" data-id=\"92997fd\" data-element_type=\"section\">\n\t\t\t\t\t\t<div class=\"elementor-container elementor-column-gap-default\">\n\t\t\t\t\t<div class=\"elementor-column elementor-col-100 elementor-top-column elementor-element elementor-element-bcc421d\" data-id=\"bcc421d\" data-element_type=\"column\">\n\t\t\t<div class=\"elementor-widget-wrap elementor-element-populated\">\n\t\t\t\t\t\t\t\t<div class=\"elementor-element elementor-element-7f52d5f elementor-widget elementor-widget-spacer\" data-id=\"7f52d5f\" data-element_type=\"widget\" data-widget_type=\"spacer.default\">\n\t\t\t\t<div class=\"elementor-widget-container\">\n\t\t\t\t\t<div class=\"elementor-spacer\">\n\t\t\t<div class=\"elementor-spacer-inner\"><\/div>\n\t\t<\/div>\n\t\t\t\t<\/div>\n\t\t\t\t<\/div>\n\t\t\t\t<div class=\"elementor-element elementor-element-13d9d7d elementor-widget elementor-widget-image\" data-id=\"13d9d7d\" data-element_type=\"widget\" data-widget_type=\"image.default\">\n\t\t\t\t<div class=\"elementor-widget-container\">\n\t\t\t\t\t\t\t\t\t\t\t\t\t\t\t<img fetchpriority=\"high\" decoding=\"async\" width=\"2480\" height=\"472\" src=\"https:\/\/ville-outreau.fr\/mairie\/wp-content\/uploads\/2026\/01\/bandeau-site-Copie2.jpg\" class=\"attachment-full size-full wp-image-6617\" alt=\"\" srcset=\"https:\/\/ville-outreau.fr\/mairie\/wp-content\/uploads\/2026\/01\/bandeau-site-Copie2.jpg 2480w, https:\/\/ville-outreau.fr\/mairie\/wp-content\/uploads\/2026\/01\/bandeau-site-Copie2-300x57.jpg 300w, https:\/\/ville-outreau.fr\/mairie\/wp-content\/uploads\/2026\/01\/bandeau-site-Copie2-1024x195.jpg 1024w, https:\/\/ville-outreau.fr\/mairie\/wp-content\/uploads\/2026\/01\/bandeau-site-Copie2-768x146.jpg 768w, https:\/\/ville-outreau.fr\/mairie\/wp-content\/uploads\/2026\/01\/bandeau-site-Copie2-1536x292.jpg 1536w, https:\/\/ville-outreau.fr\/mairie\/wp-content\/uploads\/2026\/01\/bandeau-site-Copie2-2048x390.jpg 2048w\" sizes=\"(max-width: 2480px) 100vw, 2480px\" \/>\t\t\t\t\t\t\t\t\t\t\t\t\t\t\t<\/div>\n\t\t\t\t<\/div>\n\t\t\t\t\t<\/div>\n\t\t<\/div>\n\t\t\t\t\t\t\t<\/div>\n\t\t<\/section>\n\t\t\t\t<section class=\"elementor-section elementor-top-section elementor-element elementor-element-5c87080 elementor-section-boxed elementor-section-height-default elementor-section-height-default\" data-id=\"5c87080\" data-element_type=\"section\">\n\t\t\t\t\t\t<div class=\"elementor-container elementor-column-gap-default\">\n\t\t\t\t\t<div class=\"elementor-column elementor-col-100 elementor-top-column elementor-element elementor-element-77c8054\" data-id=\"77c8054\" data-element_type=\"column\">\n\t\t\t<div class=\"elementor-widget-wrap elementor-element-populated\">\n\t\t\t\t\t\t\t\t<div class=\"elementor-element elementor-element-1438824 elementor-widget elementor-widget-image\" data-id=\"1438824\" data-element_type=\"widget\" data-widget_type=\"image.default\">\n\t\t\t\t<div class=\"elementor-widget-container\">\n\t\t\t\t\t\t\t\t\t\t\t\t\t\t\t<img decoding=\"async\" width=\"1024\" height=\"916\" src=\"https:\/\/ville-outreau.fr\/mairie\/wp-content\/uploads\/2026\/02\/page-histoire2-1024x916.jpg\" class=\"attachment-large size-large wp-image-6674\" alt=\"\" srcset=\"https:\/\/ville-outreau.fr\/mairie\/wp-content\/uploads\/2026\/02\/page-histoire2-1024x916.jpg 1024w, https:\/\/ville-outreau.fr\/mairie\/wp-content\/uploads\/2026\/02\/page-histoire2-300x268.jpg 300w, https:\/\/ville-outreau.fr\/mairie\/wp-content\/uploads\/2026\/02\/page-histoire2-768x687.jpg 768w, https:\/\/ville-outreau.fr\/mairie\/wp-content\/uploads\/2026\/02\/page-histoire2-1536x1374.jpg 1536w, https:\/\/ville-outreau.fr\/mairie\/wp-content\/uploads\/2026\/02\/page-histoire2-2048x1833.jpg 2048w\" sizes=\"(max-width: 1024px) 100vw, 1024px\" \/>\t\t\t\t\t\t\t\t\t\t\t\t\t\t\t<\/div>\n\t\t\t\t<\/div>\n\t\t\t\t\t<\/div>\n\t\t<\/div>\n\t\t\t\t\t\t\t<\/div>\n\t\t<\/section>\n\t\t\t\t<section class=\"elementor-section elementor-top-section elementor-element elementor-element-bc0ac6c elementor-section-boxed elementor-section-height-default elementor-section-height-default\" data-id=\"bc0ac6c\" data-element_type=\"section\">\n\t\t\t\t\t\t<div class=\"elementor-container elementor-column-gap-default\">\n\t\t\t\t\t<div class=\"elementor-column elementor-col-100 elementor-top-column elementor-element elementor-element-9b82407\" data-id=\"9b82407\" data-element_type=\"column\">\n\t\t\t<div class=\"elementor-widget-wrap elementor-element-populated\">\n\t\t\t\t\t\t\t\t<div class=\"elementor-element elementor-element-3583379 elementor-widget elementor-widget-heading\" data-id=\"3583379\" data-element_type=\"widget\" data-widget_type=\"heading.default\">\n\t\t\t\t<div class=\"elementor-widget-container\">\n\t\t\t<h2 class=\"elementor-heading-title elementor-size-default\"><a href=\"https:\/\/www.cirkwi.com\/fr\/recherche?lat=45.49095&#038;lng=-0.21973&#038;zoom=5&#038;types=circuit;&#038;locomotions=2;27;28;24;39;4;3;16;15;26;29;25;38;37;36;7;12;8;30;6;5;35;11;20;31;32;33;34;18;19;13;21;22;23;&#038;categories=6;3;4;8;11;7;10\" target=\"_blank\">D\u00e9couvrez le parcours m\u00e9moriel avec l'application Cirkwi : <span style=\"color: #000000;\"><strong>c<a style=\"color: #000000;\" href=\"https:\/\/www.cirkwi.com\/fr\/recherche?lat=45.49095&amp;lng=-0.21973&amp;zoom=5&amp;types=circuit;&amp;locomotions=2;27;28;24;39;4;3;16;15;26;29;25;38;37;36;7;12;8;30;6;5;35;11;20;31;32;33;34;18;19;13;21;22;23;&amp;categories=6;3;4;8;11;7;10\" target=\"_blank\" rel=\"noopener\">liquez ici<\/a><\/strong><\/span><\/a><\/h2>\t\t<\/div>\n\t\t\t\t<\/div>\n\t\t\t\t<div class=\"elementor-element elementor-element-44ae71b elementor-widget elementor-widget-heading\" data-id=\"44ae71b\" data-element_type=\"widget\" data-widget_type=\"heading.default\">\n\t\t\t\t<div class=\"elementor-widget-container\">\n\t\t\t<h2 class=\"elementor-heading-title elementor-size-default\">D\u00e9couvrez ci-dessous les panneaux du parcours historique !<\/h2>\t\t<\/div>\n\t\t\t\t<\/div>\n\t\t\t\t\t<\/div>\n\t\t<\/div>\n\t\t\t\t\t\t\t<\/div>\n\t\t<\/section>\n\t\t\t\t<section class=\"elementor-section elementor-top-section elementor-element elementor-element-4b2cbae elementor-section-boxed elementor-section-height-default elementor-section-height-default\" data-id=\"4b2cbae\" data-element_type=\"section\">\n\t\t\t\t\t\t<div class=\"elementor-container elementor-column-gap-default\">\n\t\t\t\t\t<div class=\"elementor-column elementor-col-100 elementor-top-column elementor-element elementor-element-64d6f32\" data-id=\"64d6f32\" data-element_type=\"column\">\n\t\t\t<div class=\"elementor-widget-wrap\">\n\t\t\t\t\t\t\t\t\t<\/div>\n\t\t<\/div>\n\t\t\t\t\t\t\t<\/div>\n\t\t<\/section>\n\t\t\t\t<section class=\"elementor-section elementor-top-section elementor-element elementor-element-794feb5 elementor-section-boxed elementor-section-height-default elementor-section-height-default\" data-id=\"794feb5\" data-element_type=\"section\">\n\t\t\t\t\t\t<div class=\"elementor-container elementor-column-gap-default\">\n\t\t\t\t\t<div class=\"elementor-column elementor-col-100 elementor-top-column elementor-element elementor-element-f75d228\" data-id=\"f75d228\" data-element_type=\"column\">\n\t\t\t<div class=\"elementor-widget-wrap elementor-element-populated\">\n\t\t\t\t\t\t\t\t<div class=\"elementor-element elementor-element-fe4fcc5 elementor-widget elementor-widget-image\" data-id=\"fe4fcc5\" data-element_type=\"widget\" data-widget_type=\"image.default\">\n\t\t\t\t<div class=\"elementor-widget-container\">\n\t\t\t\t\t\t\t\t\t\t\t\t\t\t\t<img decoding=\"async\" width=\"1024\" height=\"731\" src=\"https:\/\/ville-outreau.fr\/mairie\/wp-content\/uploads\/2026\/01\/panneau-le-temple-1024x731.jpg\" class=\"attachment-large size-large wp-image-6638\" alt=\"\" srcset=\"https:\/\/ville-outreau.fr\/mairie\/wp-content\/uploads\/2026\/01\/panneau-le-temple-1024x731.jpg 1024w, https:\/\/ville-outreau.fr\/mairie\/wp-content\/uploads\/2026\/01\/panneau-le-temple-300x214.jpg 300w, https:\/\/ville-outreau.fr\/mairie\/wp-content\/uploads\/2026\/01\/panneau-le-temple-768x549.jpg 768w, https:\/\/ville-outreau.fr\/mairie\/wp-content\/uploads\/2026\/01\/panneau-le-temple-1536x1097.jpg 1536w, https:\/\/ville-outreau.fr\/mairie\/wp-content\/uploads\/2026\/01\/panneau-le-temple-2048x1463.jpg 2048w\" sizes=\"(max-width: 1024px) 100vw, 1024px\" \/>\t\t\t\t\t\t\t\t\t\t\t\t\t\t\t<\/div>\n\t\t\t\t<\/div>\n\t\t\t\t<div class=\"elementor-element elementor-element-3a7f429 elementor-widget elementor-widget-heading\" data-id=\"3a7f429\" data-element_type=\"widget\" data-widget_type=\"heading.default\">\n\t\t\t\t<div class=\"elementor-widget-container\">\n\t\t\t<h4 class=\"elementor-heading-title elementor-size-default\">Panneau situ\u00e9 devant le Temple du Peintre rue de l'\u00c9galit\u00e9<\/h4>\t\t<\/div>\n\t\t\t\t<\/div>\n\t\t\t\t<div class=\"elementor-element elementor-element-0ffe4c7 elementor-widget elementor-widget-image\" data-id=\"0ffe4c7\" data-element_type=\"widget\" data-widget_type=\"image.default\">\n\t\t\t\t<div class=\"elementor-widget-container\">\n\t\t\t\t\t\t\t\t\t\t\t\t\t\t\t<img loading=\"lazy\" decoding=\"async\" width=\"1024\" height=\"731\" src=\"https:\/\/ville-outreau.fr\/mairie\/wp-content\/uploads\/2025\/04\/panneau-emilienne-moreau-1024x731.jpg\" class=\"attachment-large size-large wp-image-6375\" alt=\"\" srcset=\"https:\/\/ville-outreau.fr\/mairie\/wp-content\/uploads\/2025\/04\/panneau-emilienne-moreau-1024x731.jpg 1024w, https:\/\/ville-outreau.fr\/mairie\/wp-content\/uploads\/2025\/04\/panneau-emilienne-moreau-300x214.jpg 300w, https:\/\/ville-outreau.fr\/mairie\/wp-content\/uploads\/2025\/04\/panneau-emilienne-moreau-768x549.jpg 768w, https:\/\/ville-outreau.fr\/mairie\/wp-content\/uploads\/2025\/04\/panneau-emilienne-moreau-1536x1097.jpg 1536w, https:\/\/ville-outreau.fr\/mairie\/wp-content\/uploads\/2025\/04\/panneau-emilienne-moreau-2048x1463.jpg 2048w\" sizes=\"(max-width: 1024px) 100vw, 1024px\" \/>\t\t\t\t\t\t\t\t\t\t\t\t\t\t\t<\/div>\n\t\t\t\t<\/div>\n\t\t\t\t<div class=\"elementor-element elementor-element-60424b2 elementor-widget elementor-widget-heading\" data-id=\"60424b2\" data-element_type=\"widget\" data-widget_type=\"heading.default\">\n\t\t\t\t<div class=\"elementor-widget-container\">\n\t\t\t<h4 class=\"elementor-heading-title elementor-size-default\">Panneau situ\u00e9 Square Emilienne Moreau, rue Auguste Comte<\/h4>\t\t<\/div>\n\t\t\t\t<\/div>\n\t\t\t\t<div class=\"elementor-element elementor-element-46ccda7 elementor-widget elementor-widget-image\" data-id=\"46ccda7\" data-element_type=\"widget\" data-widget_type=\"image.default\">\n\t\t\t\t<div class=\"elementor-widget-container\">\n\t\t\t\t\t\t\t\t\t\t\t\t\t\t\t<img loading=\"lazy\" decoding=\"async\" width=\"1024\" height=\"731\" src=\"https:\/\/ville-outreau.fr\/mairie\/wp-content\/uploads\/2026\/01\/BainsDouches_dispensaire-1024x731.jpg\" class=\"attachment-large size-large wp-image-6639\" alt=\"\" srcset=\"https:\/\/ville-outreau.fr\/mairie\/wp-content\/uploads\/2026\/01\/BainsDouches_dispensaire-1024x731.jpg 1024w, https:\/\/ville-outreau.fr\/mairie\/wp-content\/uploads\/2026\/01\/BainsDouches_dispensaire-300x214.jpg 300w, https:\/\/ville-outreau.fr\/mairie\/wp-content\/uploads\/2026\/01\/BainsDouches_dispensaire-768x549.jpg 768w, https:\/\/ville-outreau.fr\/mairie\/wp-content\/uploads\/2026\/01\/BainsDouches_dispensaire-1536x1097.jpg 1536w, https:\/\/ville-outreau.fr\/mairie\/wp-content\/uploads\/2026\/01\/BainsDouches_dispensaire-2048x1463.jpg 2048w\" sizes=\"(max-width: 1024px) 100vw, 1024px\" \/>\t\t\t\t\t\t\t\t\t\t\t\t\t\t\t<\/div>\n\t\t\t\t<\/div>\n\t\t\t\t<div class=\"elementor-element elementor-element-23775e1 elementor-widget elementor-widget-heading\" data-id=\"23775e1\" data-element_type=\"widget\" data-widget_type=\"heading.default\">\n\t\t\t\t<div class=\"elementor-widget-container\">\n\t\t\t<h4 class=\"elementor-heading-title elementor-size-default\">Panneau situ\u00e9 sur le mur de la salle Blanpain, rue Jean Jaur\u00e8s<\/h4>\t\t<\/div>\n\t\t\t\t<\/div>\n\t\t\t\t<div class=\"elementor-element elementor-element-1586bb0 elementor-widget elementor-widget-image\" data-id=\"1586bb0\" data-element_type=\"widget\" data-widget_type=\"image.default\">\n\t\t\t\t<div class=\"elementor-widget-container\">\n\t\t\t\t\t\t\t\t\t\t\t\t\t\t\t<img loading=\"lazy\" decoding=\"async\" width=\"1024\" height=\"731\" src=\"https:\/\/ville-outreau.fr\/mairie\/wp-content\/uploads\/2026\/01\/2deMairie-1024x731.jpg\" class=\"attachment-large size-large wp-image-6633\" alt=\"\" srcset=\"https:\/\/ville-outreau.fr\/mairie\/wp-content\/uploads\/2026\/01\/2deMairie-1024x731.jpg 1024w, https:\/\/ville-outreau.fr\/mairie\/wp-content\/uploads\/2026\/01\/2deMairie-300x214.jpg 300w, https:\/\/ville-outreau.fr\/mairie\/wp-content\/uploads\/2026\/01\/2deMairie-768x549.jpg 768w, https:\/\/ville-outreau.fr\/mairie\/wp-content\/uploads\/2026\/01\/2deMairie-1536x1097.jpg 1536w, https:\/\/ville-outreau.fr\/mairie\/wp-content\/uploads\/2026\/01\/2deMairie-2048x1463.jpg 2048w\" sizes=\"(max-width: 1024px) 100vw, 1024px\" \/>\t\t\t\t\t\t\t\t\t\t\t\t\t\t\t<\/div>\n\t\t\t\t<\/div>\n\t\t\t\t<div class=\"elementor-element elementor-element-4583116 elementor-widget elementor-widget-heading\" data-id=\"4583116\" data-element_type=\"widget\" data-widget_type=\"heading.default\">\n\t\t\t\t<div class=\"elementor-widget-container\">\n\t\t\t<h4 class=\"elementor-heading-title elementor-size-default\">Panneau situ\u00e9 Place L\u00e9on Blum<\/h4>\t\t<\/div>\n\t\t\t\t<\/div>\n\t\t\t\t<div class=\"elementor-element elementor-element-469202f elementor-widget elementor-widget-image\" data-id=\"469202f\" data-element_type=\"widget\" data-widget_type=\"image.default\">\n\t\t\t\t<div class=\"elementor-widget-container\">\n\t\t\t\t\t\t\t\t\t\t\t\t\t\t\t<img loading=\"lazy\" decoding=\"async\" width=\"1024\" height=\"731\" src=\"https:\/\/ville-outreau.fr\/mairie\/wp-content\/uploads\/2026\/01\/ChateauLonquety-1024x731.jpg\" class=\"attachment-large size-large wp-image-6634\" alt=\"\" srcset=\"https:\/\/ville-outreau.fr\/mairie\/wp-content\/uploads\/2026\/01\/ChateauLonquety-1024x731.jpg 1024w, https:\/\/ville-outreau.fr\/mairie\/wp-content\/uploads\/2026\/01\/ChateauLonquety-300x214.jpg 300w, https:\/\/ville-outreau.fr\/mairie\/wp-content\/uploads\/2026\/01\/ChateauLonquety-768x549.jpg 768w, https:\/\/ville-outreau.fr\/mairie\/wp-content\/uploads\/2026\/01\/ChateauLonquety-1536x1097.jpg 1536w, https:\/\/ville-outreau.fr\/mairie\/wp-content\/uploads\/2026\/01\/ChateauLonquety-2048x1463.jpg 2048w\" sizes=\"(max-width: 1024px) 100vw, 1024px\" \/>\t\t\t\t\t\t\t\t\t\t\t\t\t\t\t<\/div>\n\t\t\t\t<\/div>\n\t\t\t\t<div class=\"elementor-element elementor-element-55284e9 elementor-widget elementor-widget-heading\" data-id=\"55284e9\" data-element_type=\"widget\" data-widget_type=\"heading.default\">\n\t\t\t\t<div class=\"elementor-widget-container\">\n\t\t\t<h4 class=\"elementor-heading-title elementor-size-default\">Panneau situ\u00e9 sur la Tour Lonqu\u00e9ty dans le Jardin Public<\/h4>\t\t<\/div>\n\t\t\t\t<\/div>\n\t\t\t\t<div class=\"elementor-element elementor-element-8dc8597 elementor-widget elementor-widget-image\" data-id=\"8dc8597\" data-element_type=\"widget\" data-widget_type=\"image.default\">\n\t\t\t\t<div class=\"elementor-widget-container\">\n\t\t\t\t\t\t\t\t\t\t\t\t\t\t\t<img loading=\"lazy\" decoding=\"async\" width=\"1024\" height=\"731\" src=\"https:\/\/ville-outreau.fr\/mairie\/wp-content\/uploads\/2026\/01\/Mam-1024x731.jpg\" class=\"attachment-large size-large wp-image-6635\" alt=\"\" srcset=\"https:\/\/ville-outreau.fr\/mairie\/wp-content\/uploads\/2026\/01\/Mam-1024x731.jpg 1024w, https:\/\/ville-outreau.fr\/mairie\/wp-content\/uploads\/2026\/01\/Mam-300x214.jpg 300w, https:\/\/ville-outreau.fr\/mairie\/wp-content\/uploads\/2026\/01\/Mam-768x549.jpg 768w, https:\/\/ville-outreau.fr\/mairie\/wp-content\/uploads\/2026\/01\/Mam-1536x1097.jpg 1536w, https:\/\/ville-outreau.fr\/mairie\/wp-content\/uploads\/2026\/01\/Mam-2048x1463.jpg 2048w\" sizes=\"(max-width: 1024px) 100vw, 1024px\" \/>\t\t\t\t\t\t\t\t\t\t\t\t\t\t\t<\/div>\n\t\t\t\t<\/div>\n\t\t\t\t<div class=\"elementor-element elementor-element-dd46562 elementor-widget elementor-widget-heading\" data-id=\"dd46562\" data-element_type=\"widget\" data-widget_type=\"heading.default\">\n\t\t\t\t<div class=\"elementor-widget-container\">\n\t\t\t<h4 class=\"elementor-heading-title elementor-size-default\">Panneau situ\u00e9 \u00e0 l'entr\u00e9e du cimeti\u00e8re du centre-ville rue Firmin Blondeel<\/h4>\t\t<\/div>\n\t\t\t\t<\/div>\n\t\t\t\t<div class=\"elementor-element elementor-element-94f82a8 elementor-widget elementor-widget-image\" data-id=\"94f82a8\" data-element_type=\"widget\" data-widget_type=\"image.default\">\n\t\t\t\t<div class=\"elementor-widget-container\">\n\t\t\t\t\t\t\t\t\t\t\t\t\t\t\t<img loading=\"lazy\" decoding=\"async\" width=\"1024\" height=\"731\" src=\"https:\/\/ville-outreau.fr\/mairie\/wp-content\/uploads\/2026\/01\/1eMairie-1024x731.jpg\" class=\"attachment-large size-large wp-image-6636\" alt=\"\" srcset=\"https:\/\/ville-outreau.fr\/mairie\/wp-content\/uploads\/2026\/01\/1eMairie-1024x731.jpg 1024w, https:\/\/ville-outreau.fr\/mairie\/wp-content\/uploads\/2026\/01\/1eMairie-300x214.jpg 300w, https:\/\/ville-outreau.fr\/mairie\/wp-content\/uploads\/2026\/01\/1eMairie-768x549.jpg 768w, https:\/\/ville-outreau.fr\/mairie\/wp-content\/uploads\/2026\/01\/1eMairie-1536x1097.jpg 1536w, https:\/\/ville-outreau.fr\/mairie\/wp-content\/uploads\/2026\/01\/1eMairie-2048x1463.jpg 2048w\" sizes=\"(max-width: 1024px) 100vw, 1024px\" \/>\t\t\t\t\t\t\t\t\t\t\t\t\t\t\t<\/div>\n\t\t\t\t<\/div>\n\t\t\t\t<div class=\"elementor-element elementor-element-82e96cb elementor-widget elementor-widget-heading\" data-id=\"82e96cb\" data-element_type=\"widget\" data-widget_type=\"heading.default\">\n\t\t\t\t<div class=\"elementor-widget-container\">\n\t\t\t<h4 class=\"elementor-heading-title elementor-size-default\">Panneau situ\u00e9 sur le mur de la rue de l'\u00c9galit\u00e9<\/h4>\t\t<\/div>\n\t\t\t\t<\/div>\n\t\t\t\t<div class=\"elementor-element elementor-element-218beb6 elementor-widget elementor-widget-image\" data-id=\"218beb6\" data-element_type=\"widget\" data-widget_type=\"image.default\">\n\t\t\t\t<div class=\"elementor-widget-container\">\n\t\t\t\t\t\t\t\t\t\t\t\t\t\t\t<img loading=\"lazy\" decoding=\"async\" width=\"1024\" height=\"731\" src=\"https:\/\/ville-outreau.fr\/mairie\/wp-content\/uploads\/2026\/01\/DeuxMaires-1024x731.jpg\" class=\"attachment-large size-large wp-image-6622\" alt=\"\" srcset=\"https:\/\/ville-outreau.fr\/mairie\/wp-content\/uploads\/2026\/01\/DeuxMaires-1024x731.jpg 1024w, https:\/\/ville-outreau.fr\/mairie\/wp-content\/uploads\/2026\/01\/DeuxMaires-300x214.jpg 300w, https:\/\/ville-outreau.fr\/mairie\/wp-content\/uploads\/2026\/01\/DeuxMaires-768x549.jpg 768w, https:\/\/ville-outreau.fr\/mairie\/wp-content\/uploads\/2026\/01\/DeuxMaires-1536x1097.jpg 1536w, https:\/\/ville-outreau.fr\/mairie\/wp-content\/uploads\/2026\/01\/DeuxMaires-2048x1463.jpg 2048w\" sizes=\"(max-width: 1024px) 100vw, 1024px\" \/>\t\t\t\t\t\t\t\t\t\t\t\t\t\t\t<\/div>\n\t\t\t\t<\/div>\n\t\t\t\t<div class=\"elementor-element elementor-element-a7b4bf9 elementor-widget elementor-widget-heading\" data-id=\"a7b4bf9\" data-element_type=\"widget\" data-widget_type=\"heading.default\">\n\t\t\t\t<div class=\"elementor-widget-container\">\n\t\t\t<h4 class=\"elementor-heading-title elementor-size-default\">Panneau situ\u00e9 \u00e0 l'intersection des rues E.Descl\u00e8ve et E.Carpentier<\/h4>\t\t<\/div>\n\t\t\t\t<\/div>\n\t\t\t\t<div class=\"elementor-element elementor-element-79dea8c elementor-widget elementor-widget-image\" data-id=\"79dea8c\" data-element_type=\"widget\" data-widget_type=\"image.default\">\n\t\t\t\t<div class=\"elementor-widget-container\">\n\t\t\t\t\t\t\t\t\t\t\t\t\t\t\t<img loading=\"lazy\" decoding=\"async\" width=\"1024\" height=\"731\" src=\"https:\/\/ville-outreau.fr\/mairie\/wp-content\/uploads\/2026\/01\/MontSoleil-1024x731.jpg\" class=\"attachment-large size-large wp-image-6637\" alt=\"\" srcset=\"https:\/\/ville-outreau.fr\/mairie\/wp-content\/uploads\/2026\/01\/MontSoleil-1024x731.jpg 1024w, https:\/\/ville-outreau.fr\/mairie\/wp-content\/uploads\/2026\/01\/MontSoleil-300x214.jpg 300w, https:\/\/ville-outreau.fr\/mairie\/wp-content\/uploads\/2026\/01\/MontSoleil-768x549.jpg 768w, https:\/\/ville-outreau.fr\/mairie\/wp-content\/uploads\/2026\/01\/MontSoleil-1536x1097.jpg 1536w, https:\/\/ville-outreau.fr\/mairie\/wp-content\/uploads\/2026\/01\/MontSoleil-2048x1463.jpg 2048w\" sizes=\"(max-width: 1024px) 100vw, 1024px\" \/>\t\t\t\t\t\t\t\t\t\t\t\t\t\t\t<\/div>\n\t\t\t\t<\/div>\n\t\t\t\t<div class=\"elementor-element elementor-element-798764e elementor-widget elementor-widget-heading\" data-id=\"798764e\" data-element_type=\"widget\" data-widget_type=\"heading.default\">\n\t\t\t\t<div class=\"elementor-widget-container\">\n\t\t\t<h4 class=\"elementor-heading-title elementor-size-default\">Panneau situ\u00e9 sur les hauteurs du Parc du Mont Soleil, entr\u00e9e c\u00f4t\u00e9 piscine<\/h4>\t\t<\/div>\n\t\t\t\t<\/div>\n\t\t\t\t\t<\/div>\n\t\t<\/div>\n\t\t\t\t\t\t\t<\/div>\n\t\t<\/section>\n\t\t\t\t\t\t\t<\/div>\n\t\t","protected":false},"excerpt":{"rendered":"<p>D\u00e9couvrez le parcours m\u00e9moriel avec l&rsquo;application Cirkwi : cliquez ici D\u00e9couvrez ci-dessous les panneaux du parcours historique ! Panneau situ\u00e9 devant le Temple du Peintre rue de l&rsquo;\u00c9galit\u00e9 Panneau situ\u00e9 Square Emilienne Moreau, rue Auguste Comte Panneau situ\u00e9 sur le mur de la salle Blanpain, rue Jean Jaur\u00e8s Panneau situ\u00e9 Place L\u00e9on Blum Panneau situ\u00e9 [&hellip;]<\/p>\n","protected":false},"author":1,"featured_media":0,"parent":0,"menu_order":0,"comment_status":"closed","ping_status":"closed","template":"","meta":{"ocean_post_layout":"full-width","ocean_both_sidebars_style":"","ocean_both_sidebars_content_width":0,"ocean_both_sidebars_sidebars_width":0,"ocean_sidebar":"0","ocean_second_sidebar":"0","ocean_disable_margins":"enable","ocean_add_body_class":"","ocean_shortcode_before_top_bar":"","ocean_shortcode_after_top_bar":"","ocean_shortcode_before_header":"","ocean_shortcode_after_header":"","ocean_has_shortcode":"","ocean_shortcode_after_title":"","ocean_shortcode_before_footer_widgets":"","ocean_shortcode_after_footer_widgets":"","ocean_shortcode_before_footer_bottom":"","ocean_shortcode_after_footer_bottom":"","ocean_display_top_bar":"default","ocean_display_header":"default","ocean_header_style":"","ocean_center_header_left_menu":"0","ocean_custom_header_template":"0","ocean_custom_logo":0,"ocean_custom_retina_logo":0,"ocean_custom_logo_max_width":0,"ocean_custom_logo_tablet_max_width":0,"ocean_custom_logo_mobile_max_width":0,"ocean_custom_logo_max_height":0,"ocean_custom_logo_tablet_max_height":0,"ocean_custom_logo_mobile_max_height":0,"ocean_header_custom_menu":"0","ocean_menu_typo_font_family":"0","ocean_menu_typo_font_subset":"","ocean_menu_typo_font_size":0,"ocean_menu_typo_font_size_tablet":0,"ocean_menu_typo_font_size_mobile":0,"ocean_menu_typo_font_size_unit":"px","ocean_menu_typo_font_weight":"","ocean_menu_typo_font_weight_tablet":"","ocean_menu_typo_font_weight_mobile":"","ocean_menu_typo_transform":"","ocean_menu_typo_transform_tablet":"","ocean_menu_typo_transform_mobile":"","ocean_menu_typo_line_height":0,"ocean_menu_typo_line_height_tablet":0,"ocean_menu_typo_line_height_mobile":0,"ocean_menu_typo_line_height_unit":"","ocean_menu_typo_spacing":0,"ocean_menu_typo_spacing_tablet":0,"ocean_menu_typo_spacing_mobile":0,"ocean_menu_typo_spacing_unit":"","ocean_menu_link_color":"","ocean_menu_link_color_hover":"","ocean_menu_link_color_active":"","ocean_menu_link_background":"","ocean_menu_link_hover_background":"","ocean_menu_link_active_background":"","ocean_menu_social_links_bg":"","ocean_menu_social_hover_links_bg":"","ocean_menu_social_links_color":"","ocean_menu_social_hover_links_color":"","ocean_disable_title":"default","ocean_disable_heading":"default","ocean_post_title":"","ocean_post_subheading":"","ocean_post_title_style":"","ocean_post_title_background_color":"","ocean_post_title_background":0,"ocean_post_title_bg_image_position":"","ocean_post_title_bg_image_attachment":"","ocean_post_title_bg_image_repeat":"","ocean_post_title_bg_image_size":"","ocean_post_title_height":0,"ocean_post_title_bg_overlay":0.5,"ocean_post_title_bg_overlay_color":"","ocean_disable_breadcrumbs":"default","ocean_breadcrumbs_color":"","ocean_breadcrumbs_separator_color":"","ocean_breadcrumbs_links_color":"","ocean_breadcrumbs_links_hover_color":"","ocean_display_footer_widgets":"default","ocean_display_footer_bottom":"default","ocean_custom_footer_template":"0","footnotes":""},"class_list":["post-6184","page","type-page","status-publish","hentry","entry"],"_links":{"self":[{"href":"https:\/\/ville-outreau.fr\/mairie\/wp-json\/wp\/v2\/pages\/6184","targetHints":{"allow":["GET"]}}],"collection":[{"href":"https:\/\/ville-outreau.fr\/mairie\/wp-json\/wp\/v2\/pages"}],"about":[{"href":"https:\/\/ville-outreau.fr\/mairie\/wp-json\/wp\/v2\/types\/page"}],"author":[{"embeddable":true,"href":"https:\/\/ville-outreau.fr\/mairie\/wp-json\/wp\/v2\/users\/1"}],"replies":[{"embeddable":true,"href":"https:\/\/ville-outreau.fr\/mairie\/wp-json\/wp\/v2\/comments?post=6184"}],"version-history":[{"count":48,"href":"https:\/\/ville-outreau.fr\/mairie\/wp-json\/wp\/v2\/pages\/6184\/revisions"}],"predecessor-version":[{"id":6680,"href":"https:\/\/ville-outreau.fr\/mairie\/wp-json\/wp\/v2\/pages\/6184\/revisions\/6680"}],"wp:attachment":[{"href":"https:\/\/ville-outreau.fr\/mairie\/wp-json\/wp\/v2\/media?parent=6184"}],"curies":[{"name":"wp","href":"https:\/\/api.w.org\/{rel}","templated":true}]}}