{"id":6737,"date":"2026-03-06T15:58:17","date_gmt":"2026-03-06T14:58:17","guid":{"rendered":"https:\/\/ville-outreau.fr\/mairie\/?page_id=6737"},"modified":"2026-03-06T16:03:07","modified_gmt":"2026-03-06T15:03:07","slug":"infos-elections-municipales","status":"publish","type":"page","link":"https:\/\/ville-outreau.fr\/mairie\/infos-elections-municipales\/","title":{"rendered":"infos \u00e9lections municipales"},"content":{"rendered":"<h1><\/h1>\n<h1><\/h1>\n<h1><strong>Informations pratique<\/strong><\/h1>\n<div class=\"xdj266r x14z9mp xat24cr x1lziwak x1vvkbs x126k92a\">\n<h1 dir=\"auto\"><img fetchpriority=\"high\" decoding=\"async\" class=\"alignnone wp-image-6738\" src=\"http:\/\/ville-outreau.fr\/mairie\/wp-content\/uploads\/2026\/03\/648271674_1358206899673288_7593258269455332245_n-300x114.jpg\" alt=\"\" width=\"984\" height=\"374\" srcset=\"https:\/\/ville-outreau.fr\/mairie\/wp-content\/uploads\/2026\/03\/648271674_1358206899673288_7593258269455332245_n-300x114.jpg 300w, https:\/\/ville-outreau.fr\/mairie\/wp-content\/uploads\/2026\/03\/648271674_1358206899673288_7593258269455332245_n-768x292.jpg 768w, https:\/\/ville-outreau.fr\/mairie\/wp-content\/uploads\/2026\/03\/648271674_1358206899673288_7593258269455332245_n.jpg 820w\" sizes=\"(max-width: 984px) 100vw, 984px\" \/><\/h1>\n<div dir=\"auto\"><\/div>\n<div dir=\"auto\"><span class=\"html-span xexx8yu xyri2b x18d9i69 x1c1uobl x1hl2dhg x16tdsg8 x1vvkbs x3nfvp2 x1j61x8r x1fcty0u xdj266r xat24cr xm2jcoa x1mpyi22 xxymvpz xlup9mm x1kky2od\"><img decoding=\"async\" class=\"xz74otr x15mokao x1ga7v0g x16uus16 xbiv7yw\" src=\"https:\/\/static.xx.fbcdn.net\/images\/emoji.php\/v9\/t8e\/1\/16\/2139.png\" alt=\"&#x2139;&#xfe0f;\" width=\"16\" height=\"16\" \/><\/span><span class=\"html-span xexx8yu xyri2b x18d9i69 x1c1uobl x1hl2dhg x16tdsg8 x1vvkbs x3nfvp2 x1j61x8r x1fcty0u xdj266r xat24cr xm2jcoa x1mpyi22 xxymvpz xlup9mm x1kky2od\"><img decoding=\"async\" class=\"xz74otr x15mokao x1ga7v0g x16uus16 xbiv7yw\" src=\"https:\/\/static.xx.fbcdn.net\/images\/emoji.php\/v9\/t9a\/1\/16\/1f5f3.png\" alt=\"&#x1f5f3;&#xfe0f;\" width=\"16\" height=\"16\" \/><\/span> \u00c0 l\u2019occasion des \u00e9lections municipales, nous vous rappelons les modalit\u00e9s pour voter :<\/div>\n<\/div>\n<div class=\"x14z9mp xat24cr x1lziwak x1vvkbs xtlvy1s x126k92a\">\n<div dir=\"auto\"><span class=\"html-span xexx8yu xyri2b x18d9i69 x1c1uobl x1hl2dhg x16tdsg8 x1vvkbs x3nfvp2 x1j61x8r x1fcty0u xdj266r xat24cr xm2jcoa x1mpyi22 xxymvpz xlup9mm x1kky2od\"><img loading=\"lazy\" decoding=\"async\" class=\"xz74otr x15mokao x1ga7v0g x16uus16 xbiv7yw\" src=\"https:\/\/static.xx.fbcdn.net\/images\/emoji.php\/v9\/t51\/1\/16\/1f449.png\" alt=\"&#x1f449;\" width=\"16\" height=\"16\" \/><\/span> La pr\u00e9sentation d\u2019une pi\u00e8ce d\u2019identit\u00e9 avec photo est obligatoire (Exemples : carte nationale d\u2019identit\u00e9, passeport, permis de conduire, carte vitale avec photo\u2026). La carte \u00e9lectorale n\u2019est pas obligatoire. Il est possible de voter sans celle-ci, \u00e0 condition d\u2019\u00eatre inscrit(e) sur la liste \u00e9lectorale de la commune.<\/div>\n<\/div>\n<div class=\"x14z9mp xat24cr x1lziwak x1vvkbs xtlvy1s x126k92a\">\n<div dir=\"auto\"><span class=\"html-span xexx8yu xyri2b x18d9i69 x1c1uobl x1hl2dhg x16tdsg8 x1vvkbs x3nfvp2 x1j61x8r x1fcty0u xdj266r xat24cr xm2jcoa x1mpyi22 xxymvpz xlup9mm x1kky2od\"><img loading=\"lazy\" decoding=\"async\" class=\"xz74otr x15mokao x1ga7v0g x16uus16 xbiv7yw\" src=\"https:\/\/static.xx.fbcdn.net\/images\/emoji.php\/v9\/t51\/1\/16\/1f449.png\" alt=\"&#x1f449;\" width=\"16\" height=\"16\" \/><\/span> En cas d\u2019absence le jour du scrutin, vous pouvez \u00e9tablir une procuration afin qu\u2019un \u00e9lecteur inscrit dans la commune vote \u00e0 votre place. La demande peut \u00eatre effectu\u00e9e en ligne sur <span class=\"html-span xdj266r x14z9mp xat24cr x1lziwak xexx8yu xyri2b x18d9i69 x1c1uobl x1hl2dhg x16tdsg8 x1vvkbs\"><a class=\"x1i10hfl xjbqb8w x1ejq31n x18oe1m7 x1sy0etr xstzfhl x972fbf x10w94by x1qhh985 x14e42zd x9f619 x1ypdohk xt0psk2 x3ct3a4 xdj266r x14z9mp xat24cr x1lziwak xexx8yu xyri2b x18d9i69 x1c1uobl x16tdsg8 x1hl2dhg xggy1nq x1a2a7pz xkrqix3 x1sur9pj x1fey0fg x1s688f\" tabindex=\"0\" role=\"link\" href=\"http:\/\/www.maprocuration.gouv.fr\/?fbclid=IwZXh0bgNhZW0CMTAAc3J0YwZhcHBfaWQQMjIyMDM5MTc4ODIwMDg5MgABHvY6Slhzg_0BPNcF6bnxVB5wjaqb7XXHEDHtZF1npg_dUVOZzqyXfWM47eOz_aem_XQuMVeG09pa_behKVsvphw\" target=\"_blank\" rel=\"nofollow noopener noreferrer\">www.maprocuration.gouv.fr<\/a><\/span>, puis valid\u00e9e aupr\u00e8s d\u2019un commissariat, d\u2019une gendarmerie ou d\u2019un consulat.<\/div>\n<\/div>\n<div class=\"x14z9mp xat24cr x1lziwak x1vvkbs xtlvy1s x126k92a\">\n<div dir=\"auto\"><span class=\"html-span xexx8yu xyri2b x18d9i69 x1c1uobl x1hl2dhg x16tdsg8 x1vvkbs x3nfvp2 x1j61x8r x1fcty0u xdj266r xat24cr xm2jcoa x1mpyi22 xxymvpz xlup9mm x1kky2od\"><img loading=\"lazy\" decoding=\"async\" class=\"xz74otr x15mokao x1ga7v0g x16uus16 xbiv7yw\" src=\"https:\/\/static.xx.fbcdn.net\/images\/emoji.php\/v9\/t51\/1\/16\/1f449.png\" alt=\"&#x1f449;\" width=\"16\" height=\"16\" \/><\/span> Service de transport au bureau de vote : un v\u00e9hicule municipal est mis \u00e0 disposition des personnes rencontrant des difficult\u00e9s de d\u00e9placement. Pour en b\u00e9n\u00e9ficier, il convient de contacter la mairie afin de s\u2019inscrire au pr\u00e9alable.<\/div>\n<\/div>\n<div class=\"x14z9mp xat24cr x1lziwak x1vvkbs xtlvy1s x126k92a\">\n<div dir=\"auto\"><span class=\"html-span xexx8yu xyri2b x18d9i69 x1c1uobl x1hl2dhg x16tdsg8 x1vvkbs x3nfvp2 x1j61x8r x1fcty0u xdj266r xat24cr xm2jcoa x1mpyi22 xxymvpz xlup9mm x1kky2od\"><img loading=\"lazy\" decoding=\"async\" class=\"xz74otr x15mokao x1ga7v0g x16uus16 xbiv7yw\" src=\"https:\/\/static.xx.fbcdn.net\/images\/emoji.php\/v9\/t51\/1\/16\/1f449.png\" alt=\"&#x1f449;\" width=\"16\" height=\"16\" \/><\/span> La Ville reste \u00e0 votre disposition pour tout renseignement compl\u00e9mentaire : 03 21 99 07 77<\/div>\n<\/div>\n<div dir=\"auto\"><\/div>\n<div dir=\"auto\"><\/div>\n","protected":false},"excerpt":{"rendered":"<p>Informations pratique \u00c0 l\u2019occasion des \u00e9lections municipales, nous vous rappelons les modalit\u00e9s pour voter : La pr\u00e9sentation d\u2019une pi\u00e8ce d\u2019identit\u00e9 avec photo est obligatoire (Exemples : carte nationale d\u2019identit\u00e9, passeport, permis de conduire, carte vitale avec photo\u2026). La carte \u00e9lectorale n\u2019est pas obligatoire. Il est possible de voter sans celle-ci, \u00e0 condition d\u2019\u00eatre inscrit(e) sur [&hellip;]<\/p>\n","protected":false},"author":1,"featured_media":0,"parent":0,"menu_order":0,"comment_status":"closed","ping_status":"closed","template":"","meta":{"ocean_post_layout":"full-width","ocean_both_sidebars_style":"","ocean_both_sidebars_content_width":0,"ocean_both_sidebars_sidebars_width":0,"ocean_sidebar":"0","ocean_second_sidebar":"0","ocean_disable_margins":"enable","ocean_add_body_class":"","ocean_shortcode_before_top_bar":"","ocean_shortcode_after_top_bar":"","ocean_shortcode_before_header":"","ocean_shortcode_after_header":"","ocean_has_shortcode":"","ocean_shortcode_after_title":"","ocean_shortcode_before_footer_widgets":"","ocean_shortcode_after_footer_widgets":"","ocean_shortcode_before_footer_bottom":"","ocean_shortcode_after_footer_bottom":"","ocean_display_top_bar":"default","ocean_display_header":"default","ocean_header_style":"","ocean_center_header_left_menu":"0","ocean_custom_header_template":"0","ocean_custom_logo":0,"ocean_custom_retina_logo":0,"ocean_custom_logo_max_width":0,"ocean_custom_logo_tablet_max_width":0,"ocean_custom_logo_mobile_max_width":0,"ocean_custom_logo_max_height":0,"ocean_custom_logo_tablet_max_height":0,"ocean_custom_logo_mobile_max_height":0,"ocean_header_custom_menu":"0","ocean_menu_typo_font_family":"0","ocean_menu_typo_font_subset":"","ocean_menu_typo_font_size":0,"ocean_menu_typo_font_size_tablet":0,"ocean_menu_typo_font_size_mobile":0,"ocean_menu_typo_font_size_unit":"px","ocean_menu_typo_font_weight":"","ocean_menu_typo_font_weight_tablet":"","ocean_menu_typo_font_weight_mobile":"","ocean_menu_typo_transform":"","ocean_menu_typo_transform_tablet":"","ocean_menu_typo_transform_mobile":"","ocean_menu_typo_line_height":0,"ocean_menu_typo_line_height_tablet":0,"ocean_menu_typo_line_height_mobile":0,"ocean_menu_typo_line_height_unit":"","ocean_menu_typo_spacing":0,"ocean_menu_typo_spacing_tablet":0,"ocean_menu_typo_spacing_mobile":0,"ocean_menu_typo_spacing_unit":"","ocean_menu_link_color":"","ocean_menu_link_color_hover":"","ocean_menu_link_color_active":"","ocean_menu_link_background":"","ocean_menu_link_hover_background":"","ocean_menu_link_active_background":"","ocean_menu_social_links_bg":"","ocean_menu_social_hover_links_bg":"","ocean_menu_social_links_color":"","ocean_menu_social_hover_links_color":"","ocean_disable_title":"default","ocean_disable_heading":"default","ocean_post_title":"","ocean_post_subheading":"","ocean_post_title_style":"","ocean_post_title_background_color":"","ocean_post_title_background":0,"ocean_post_title_bg_image_position":"","ocean_post_title_bg_image_attachment":"","ocean_post_title_bg_image_repeat":"","ocean_post_title_bg_image_size":"","ocean_post_title_height":0,"ocean_post_title_bg_overlay":0.5,"ocean_post_title_bg_overlay_color":"","ocean_disable_breadcrumbs":"default","ocean_breadcrumbs_color":"","ocean_breadcrumbs_separator_color":"","ocean_breadcrumbs_links_color":"","ocean_breadcrumbs_links_hover_color":"","ocean_display_footer_widgets":"default","ocean_display_footer_bottom":"default","ocean_custom_footer_template":"0","footnotes":""},"class_list":["post-6737","page","type-page","status-publish","hentry","entry"],"_links":{"self":[{"href":"https:\/\/ville-outreau.fr\/mairie\/wp-json\/wp\/v2\/pages\/6737","targetHints":{"allow":["GET"]}}],"collection":[{"href":"https:\/\/ville-outreau.fr\/mairie\/wp-json\/wp\/v2\/pages"}],"about":[{"href":"https:\/\/ville-outreau.fr\/mairie\/wp-json\/wp\/v2\/types\/page"}],"author":[{"embeddable":true,"href":"https:\/\/ville-outreau.fr\/mairie\/wp-json\/wp\/v2\/users\/1"}],"replies":[{"embeddable":true,"href":"https:\/\/ville-outreau.fr\/mairie\/wp-json\/wp\/v2\/comments?post=6737"}],"version-history":[{"count":8,"href":"https:\/\/ville-outreau.fr\/mairie\/wp-json\/wp\/v2\/pages\/6737\/revisions"}],"predecessor-version":[{"id":6743,"href":"https:\/\/ville-outreau.fr\/mairie\/wp-json\/wp\/v2\/pages\/6737\/revisions\/6743"}],"wp:attachment":[{"href":"https:\/\/ville-outreau.fr\/mairie\/wp-json\/wp\/v2\/media?parent=6737"}],"curies":[{"name":"wp","href":"https:\/\/api.w.org\/{rel}","templated":true}]}}